{"id":142,"date":"2020-03-02T12:10:05","date_gmt":"2020-03-02T11:10:05","guid":{"rendered":"https:\/\/www.jago.fr\/atelier-peinture\/?page_id=142"},"modified":"2020-03-21T15:29:44","modified_gmt":"2020-03-21T14:29:44","slug":"142-2","status":"publish","type":"page","link":"https:\/\/www.jago.fr\/atelier-peinture\/","title":{"rendered":"Peindre le temps qui passe"},"content":{"rendered":"\n<h2 class=\"wp-block-heading\">Bernard Jago<\/h2>\n\n\n\n<h3 class=\"wp-block-heading\">Peintre en Ardenne<\/h3>\n\n\n\n<div class=\"wp-block-image\"><figure class=\"alignright size-large is-resized\"><img loading=\"lazy\" decoding=\"async\" src=\"https:\/\/www.jago.fr\/atelier-peinture\/wp-content\/uploads\/2020\/03\/MG_3994-800x1024.jpg\" alt=\"\" class=\"wp-image-145\" width=\"459\" height=\"588\" srcset=\"https:\/\/www.jago.fr\/atelier-peinture\/wp-content\/uploads\/2020\/03\/MG_3994-800x1024.jpg 800w, https:\/\/www.jago.fr\/atelier-peinture\/wp-content\/uploads\/2020\/03\/MG_3994-234x300.jpg 234w, https:\/\/www.jago.fr\/atelier-peinture\/wp-content\/uploads\/2020\/03\/MG_3994-768x983.jpg 768w, https:\/\/www.jago.fr\/atelier-peinture\/wp-content\/uploads\/2020\/03\/MG_3994-1200x1536.jpg 1200w, https:\/\/www.jago.fr\/atelier-peinture\/wp-content\/uploads\/2020\/03\/MG_3994.jpg 1515w\" sizes=\"(max-width: 459px) 100vw, 459px\" \/><figcaption>La descente de Croix. Huile \/ toile \/ 95 x 65 cm<\/figcaption><\/figure><\/div>\n\n\n\n<p class=\"has-drop-cap\">Il faut bien \u00eatre de quelque part. Alors je me suis intronis\u00e9 peintre en Ardenne parce que c&rsquo;est l\u00e0 d&rsquo;o\u00f9 je suis, l\u00e0 que j&rsquo;habite. Je suis ce qu&rsquo;on appelle un autodidacte en peinture bien que quelques-uns de mes anciens m\u00e9tiers eussent \u00e0 voir avec l&rsquo;illustration. Je peins \u00e0 l&rsquo;huile sur toile le plus souvent. Au pastel, parfois. Beaucoup de mondes habitent dans ma t\u00eate. J&rsquo;ai donc beaucoup \u00e0 peindre. Un tableau c&rsquo;est \u00e0 chaque fois une aventure. Je m&rsquo;avance en terrain inconnu sur une id\u00e9e peu s\u00fbre, une intuition, encore en \u00e9volution. Je t\u00e2tonne sur la forme de cette id\u00e9e. Je me documente abondamment. J&rsquo;ai besoin de cerner mon sujet, de bien le comprendre, car je sais qu&rsquo;il fera des petits pour devenir une s\u00e9rie compl\u00e8te. Quand je sens que je n&rsquo;ai plus rien \u00e0 dire sur le sujet, je pense \u00e0 une nouvelle s\u00e9rie. Je repeins souvent une toile sur les peintures anciennes qui ont \u00e9chou\u00e9. Cela donne une pr\u00e9sence inattendue au trait. Une force. Une existence dans la profondeur. Oserais-je dire que cela r\u00e9v\u00e8le \u00e0 mon travail une sorte de v\u00e9rit\u00e9 int\u00e9rieure. Un ressenti plus profond de la forme et des volumes. Une sensualit\u00e9 se d\u00e9gage. Il arrive que la lumi\u00e8re soit au bout du chemin. C&rsquo;est toujours un cadeau. <\/p>\n\n\n\n<p><\/p>\n","protected":false},"excerpt":{"rendered":"<p>Bernard Jago Peintre en Ardenne Il faut bien \u00eatre de quelque part. Alors je me suis intronis\u00e9 peintre en Ardenne parce que c&rsquo;est l\u00e0 d&rsquo;o\u00f9 je suis, l\u00e0 que j&rsquo;habite. Je suis ce qu&rsquo;on appelle un autodidacte en peinture bien que quelques-uns de mes anciens m\u00e9tiers eussent \u00e0 voir avec l&rsquo;illustration. Je peins \u00e0 l&rsquo;huile [&hellip;]<\/p>\n","protected":false},"author":1,"featured_media":0,"parent":0,"menu_order":1,"comment_status":"closed","ping_status":"closed","template":"","meta":{"footnotes":""},"jetpack_sharing_enabled":true,"_links":{"self":[{"href":"https:\/\/www.jago.fr\/atelier-peinture\/wp-json\/wp\/v2\/pages\/142"}],"collection":[{"href":"https:\/\/www.jago.fr\/atelier-peinture\/wp-json\/wp\/v2\/pages"}],"about":[{"href":"https:\/\/www.jago.fr\/atelier-peinture\/wp-json\/wp\/v2\/types\/page"}],"author":[{"embeddable":true,"href":"https:\/\/www.jago.fr\/atelier-peinture\/wp-json\/wp\/v2\/users\/1"}],"replies":[{"embeddable":true,"href":"https:\/\/www.jago.fr\/atelier-peinture\/wp-json\/wp\/v2\/comments?post=142"}],"version-history":[{"count":22,"href":"https:\/\/www.jago.fr\/atelier-peinture\/wp-json\/wp\/v2\/pages\/142\/revisions"}],"predecessor-version":[{"id":271,"href":"https:\/\/www.jago.fr\/atelier-peinture\/wp-json\/wp\/v2\/pages\/142\/revisions\/271"}],"wp:attachment":[{"href":"https:\/\/www.jago.fr\/atelier-peinture\/wp-json\/wp\/v2\/media?parent=142"}],"curies":[{"name":"wp","href":"https:\/\/api.w.org\/{rel}","templated":true}]}}