{"id":171,"date":"2020-03-02T15:55:54","date_gmt":"2020-03-02T14:55:54","guid":{"rendered":"https:\/\/www.jago.fr\/atelier-peinture\/?page_id=171"},"modified":"2021-10-14T13:41:47","modified_gmt":"2021-10-14T11:41:47","slug":"poetique-des-jours-qui-vont","status":"publish","type":"page","link":"https:\/\/www.jago.fr\/atelier-peinture\/poetique-des-jours-qui-vont\/","title":{"rendered":"Po\u00e9tique des jours qui vont"},"content":{"rendered":"\n<p class=\"has-drop-cap\">Il arrive que les objets du quotidien \u00e9chappent \u00e0 leur condition pour devenir les acteurs de notre th\u00e9\u00e2tre intime. Le modeste poivron qui se chauffe au soleil prend une solidit\u00e9, une r\u00e9alit\u00e9, qui d\u00e9passe de loin sa modeste contribution au repas qui s&rsquo;\u00e9labore. Il \u00e9chappe ainsi \u00e0 la casserole le temps d&rsquo;une repr\u00e9sentation sur la sc\u00e8ne de mon castelet personnel. La burette born\u00e9e et stupide dans sa chemise graisseuse se met \u00e0 caqueter une parade amoureuse. Le monde qui m&rsquo;entoure n&rsquo;est pas celui des certitudes. C&rsquo;est un espace mouvant et flou dans lequel je me sens en s\u00e9curit\u00e9.  <\/p>\n\n\n\n<div class=\"wp-block-image\"><figure class=\"aligncenter is-resized\"><img loading=\"lazy\" decoding=\"async\" src=\"https:\/\/www.jago.fr\/atelier-peinture\/wp-content\/uploads\/2020\/03\/Les-AtlantidesMR-1024x815.jpeg\" alt=\"\" width=\"671\" height=\"533\"\/><figcaption>Les Atlantides, Huile sur toile 40 x 50 cm<\/figcaption><\/figure><\/div>\n\n\n\n<div class=\"wp-block-image\"><figure class=\"aligncenter is-resized\"><img loading=\"lazy\" decoding=\"async\" src=\"https:\/\/www.jago.fr\/atelier-peinture\/wp-content\/uploads\/2020\/03\/Les-OiseauxMR-1024x819.jpeg\" alt=\"\" width=\"745\" height=\"595\"\/><figcaption>Les Oiseaux, Huile sur toile 40 x 50 cm<\/figcaption><\/figure><\/div>\n\n\n\n<div class=\"wp-block-image\"><figure class=\"aligncenter is-resized\"><img loading=\"lazy\" decoding=\"async\" src=\"https:\/\/www.jago.fr\/atelier-peinture\/wp-content\/uploads\/2020\/03\/Parade-nuptialeMR-728x1024.jpeg\" alt=\"\" width=\"420\" height=\"591\"\/><figcaption>Parade nuptiale, Huile sur toile 36 x 43 cm<\/figcaption><\/figure><\/div>\n\n\n\n<div class=\"wp-block-image\"><figure class=\"aligncenter is-resized\"><img loading=\"lazy\" decoding=\"async\" src=\"https:\/\/www.jago.fr\/atelier-peinture\/wp-content\/uploads\/2020\/03\/Vieux-coupleMR-719x1024.jpeg\" alt=\"\" width=\"415\" height=\"591\"\/><figcaption>VIeux couple, Huile sur toile 40 x 50 cm VENDU<\/figcaption><\/figure><\/div>\n\n\n\n<div class=\"wp-block-image\"><figure class=\"aligncenter is-resized\"><img loading=\"lazy\" decoding=\"async\" src=\"https:\/\/www.jago.fr\/atelier-peinture\/wp-content\/uploads\/2020\/03\/PoivronMR-1024x748.jpeg\" alt=\"\" width=\"403\" height=\"294\"\/><figcaption>Le Poivron, Huile sur toile 20 x 30<\/figcaption><\/figure><\/div>\n\n\n\n<div class=\"wp-block-image\"><figure class=\"aligncenter is-resized\"><img loading=\"lazy\" decoding=\"async\" src=\"https:\/\/www.jago.fr\/atelier-peinture\/wp-content\/uploads\/2020\/03\/PrintempsMR-828x1024.jpeg\" alt=\"\" width=\"478\" height=\"591\"\/><figcaption>Printemps, Huile sur toile 40 x 50 cm<\/figcaption><\/figure><\/div>\n\n\n\n<div class=\"wp-block-image\"><figure class=\"aligncenter is-resized\"><img loading=\"lazy\" decoding=\"async\" src=\"https:\/\/www.jago.fr\/atelier-peinture\/wp-content\/uploads\/2020\/03\/La-ChoseMR-1024x1024.jpeg\" alt=\"\" width=\"526\" height=\"526\"\/><figcaption>L&rsquo;innommable, Huile sur toile 50 x 50 cm<\/figcaption><\/figure><\/div>\n\n\n\n<div class=\"wp-block-image\"><figure class=\"aligncenter is-resized\"><img loading=\"lazy\" decoding=\"async\" src=\"https:\/\/www.jago.fr\/atelier-peinture\/wp-content\/uploads\/2020\/03\/lAne-SyriusMR-835x1024.jpeg\" alt=\"\" width=\"461\" height=\"565\"\/><figcaption>L&rsquo;\u00c2ne Syrius, Huile sur toile 40 x 50 cm<\/figcaption><\/figure><\/div>\n\n\n\n<div class=\"wp-block-image\"><figure class=\"aligncenter is-resized\"><img loading=\"lazy\" decoding=\"async\" src=\"https:\/\/www.jago.fr\/atelier-peinture\/wp-content\/uploads\/2020\/03\/Moul-engil_MR-1-1024x771.jpeg\" alt=\"\" width=\"667\" height=\"502\"\/><figcaption>No\u00ebl \u00e0 Moulins-Engilbert, Huile sur toile 65 x 53 cm  \/ <strong>VENDU<\/strong> <\/figcaption><\/figure><\/div>\n\n\n\n<p><\/p>\n","protected":false},"excerpt":{"rendered":"<p>Il arrive que les objets du quotidien \u00e9chappent \u00e0 leur condition pour devenir les acteurs de notre th\u00e9\u00e2tre intime. Le modeste poivron qui se chauffe au soleil prend une solidit\u00e9, une r\u00e9alit\u00e9, qui d\u00e9passe de loin sa modeste contribution au repas qui s&rsquo;\u00e9labore. Il \u00e9chappe ainsi \u00e0 la casserole le temps d&rsquo;une repr\u00e9sentation sur la [&hellip;]<\/p>\n","protected":false},"author":1,"featured_media":0,"parent":0,"menu_order":0,"comment_status":"closed","ping_status":"closed","template":"","meta":{"footnotes":""},"jetpack_sharing_enabled":true,"_links":{"self":[{"href":"https:\/\/www.jago.fr\/atelier-peinture\/wp-json\/wp\/v2\/pages\/171"}],"collection":[{"href":"https:\/\/www.jago.fr\/atelier-peinture\/wp-json\/wp\/v2\/pages"}],"about":[{"href":"https:\/\/www.jago.fr\/atelier-peinture\/wp-json\/wp\/v2\/types\/page"}],"author":[{"embeddable":true,"href":"https:\/\/www.jago.fr\/atelier-peinture\/wp-json\/wp\/v2\/users\/1"}],"replies":[{"embeddable":true,"href":"https:\/\/www.jago.fr\/atelier-peinture\/wp-json\/wp\/v2\/comments?post=171"}],"version-history":[{"count":14,"href":"https:\/\/www.jago.fr\/atelier-peinture\/wp-json\/wp\/v2\/pages\/171\/revisions"}],"predecessor-version":[{"id":380,"href":"https:\/\/www.jago.fr\/atelier-peinture\/wp-json\/wp\/v2\/pages\/171\/revisions\/380"}],"wp:attachment":[{"href":"https:\/\/www.jago.fr\/atelier-peinture\/wp-json\/wp\/v2\/media?parent=171"}],"curies":[{"name":"wp","href":"https:\/\/api.w.org\/{rel}","templated":true}]}}