{"id":307,"date":"2021-05-18T21:00:18","date_gmt":"2021-05-18T19:00:18","guid":{"rendered":"https:\/\/www.jago.fr\/atelier-peinture\/?page_id=307"},"modified":"2021-05-18T21:00:18","modified_gmt":"2021-05-18T19:00:18","slug":"pastels","status":"publish","type":"page","link":"https:\/\/www.jago.fr\/atelier-peinture\/pastels\/","title":{"rendered":"Pastels"},"content":{"rendered":"\n<p><strong>L<\/strong>e pastel est un m\u00e9dia subtil. Par sa composition, poudreuse, autant que par ses teintes, pigments purs, brillance, lumi\u00e8re&#8230; Il est fragile comme une aile de papillon et demande un encadrement sous verre. C&rsquo;est une difficult\u00e9 qui ne me pousse pas \u00e0 l&rsquo;exploiter davantage. <\/p>\n\n\n\n<div class=\"wp-block-jetpack-tiled-gallery aligncenter is-style-rectangular\"><div class=\"tiled-gallery__gallery\"><div class=\"tiled-gallery__row\"><div class=\"tiled-gallery__col\"><figure class=\"tiled-gallery__item\"><img decoding=\"async\" srcset=\"https:\/\/i1.wp.com\/www.jago.fr\/atelier-peinture\/wp-content\/uploads\/2021\/05\/MG_1488.jpg?strip=info&#038;w=600&#038;ssl=1 600w,https:\/\/i1.wp.com\/www.jago.fr\/atelier-peinture\/wp-content\/uploads\/2021\/05\/MG_1488.jpg?strip=info&#038;w=900&#038;ssl=1 900w,https:\/\/i1.wp.com\/www.jago.fr\/atelier-peinture\/wp-content\/uploads\/2021\/05\/MG_1488.jpg?strip=info&#038;w=1200&#038;ssl=1 1200w,https:\/\/i1.wp.com\/www.jago.fr\/atelier-peinture\/wp-content\/uploads\/2021\/05\/MG_1488.jpg?strip=info&#038;w=1500&#038;ssl=1 1500w,https:\/\/i1.wp.com\/www.jago.fr\/atelier-peinture\/wp-content\/uploads\/2021\/05\/MG_1488.jpg?strip=info&#038;w=1800&#038;ssl=1 1800w,https:\/\/i1.wp.com\/www.jago.fr\/atelier-peinture\/wp-content\/uploads\/2021\/05\/MG_1488.jpg?strip=info&#038;w=2000&#038;ssl=1 2000w\" alt=\"\" data-height=\"2135\" data-id=\"303\" data-link=\"https:\/\/www.jago.fr\/atelier-peinture\/_mg_1488\/\" data-url=\"https:\/\/www.jago.fr\/atelier-peinture\/wp-content\/uploads\/2021\/05\/MG_1488.jpg\" data-width=\"2537\" src=\"https:\/\/i1.wp.com\/www.jago.fr\/atelier-peinture\/wp-content\/uploads\/2021\/05\/MG_1488.jpg?ssl=1\"\/><\/figure><\/div><div class=\"tiled-gallery__col\"><figure class=\"tiled-gallery__item\"><img decoding=\"async\" srcset=\"https:\/\/i1.wp.com\/www.jago.fr\/atelier-peinture\/wp-content\/uploads\/2021\/05\/MG_1491.jpg?strip=info&#038;w=600&#038;ssl=1 600w,https:\/\/i1.wp.com\/www.jago.fr\/atelier-peinture\/wp-content\/uploads\/2021\/05\/MG_1491.jpg?strip=info&#038;w=900&#038;ssl=1 900w,https:\/\/i1.wp.com\/www.jago.fr\/atelier-peinture\/wp-content\/uploads\/2021\/05\/MG_1491.jpg?strip=info&#038;w=1200&#038;ssl=1 1200w,https:\/\/i1.wp.com\/www.jago.fr\/atelier-peinture\/wp-content\/uploads\/2021\/05\/MG_1491.jpg?strip=info&#038;w=1500&#038;ssl=1 1500w,https:\/\/i1.wp.com\/www.jago.fr\/atelier-peinture\/wp-content\/uploads\/2021\/05\/MG_1491.jpg?strip=info&#038;w=1800&#038;ssl=1 1800w,https:\/\/i1.wp.com\/www.jago.fr\/atelier-peinture\/wp-content\/uploads\/2021\/05\/MG_1491.jpg?strip=info&#038;w=1899&#038;ssl=1 1899w\" alt=\"\" data-height=\"2115\" data-id=\"302\" data-link=\"https:\/\/www.jago.fr\/atelier-peinture\/_mg_1491\/\" data-url=\"https:\/\/www.jago.fr\/atelier-peinture\/wp-content\/uploads\/2021\/05\/MG_1491.jpg\" data-width=\"1899\" src=\"https:\/\/i1.wp.com\/www.jago.fr\/atelier-peinture\/wp-content\/uploads\/2021\/05\/MG_1491.jpg?ssl=1\"\/><\/figure><\/div><\/div><div class=\"tiled-gallery__row\"><div class=\"tiled-gallery__col\"><figure class=\"tiled-gallery__item\"><img decoding=\"async\" srcset=\"https:\/\/i2.wp.com\/www.jago.fr\/atelier-peinture\/wp-content\/uploads\/2021\/05\/MG_1492.jpg?strip=info&#038;w=600&#038;ssl=1 600w,https:\/\/i2.wp.com\/www.jago.fr\/atelier-peinture\/wp-content\/uploads\/2021\/05\/MG_1492.jpg?strip=info&#038;w=900&#038;ssl=1 900w,https:\/\/i2.wp.com\/www.jago.fr\/atelier-peinture\/wp-content\/uploads\/2021\/05\/MG_1492.jpg?strip=info&#038;w=1200&#038;ssl=1 1200w,https:\/\/i2.wp.com\/www.jago.fr\/atelier-peinture\/wp-content\/uploads\/2021\/05\/MG_1492.jpg?strip=info&#038;w=1500&#038;ssl=1 1500w,https:\/\/i2.wp.com\/www.jago.fr\/atelier-peinture\/wp-content\/uploads\/2021\/05\/MG_1492.jpg?strip=info&#038;w=1683&#038;ssl=1 1683w\" alt=\"\" data-height=\"2123\" data-id=\"301\" data-link=\"https:\/\/www.jago.fr\/atelier-peinture\/_mg_1492\/\" data-url=\"https:\/\/www.jago.fr\/atelier-peinture\/wp-content\/uploads\/2021\/05\/MG_1492.jpg\" data-width=\"1683\" src=\"https:\/\/i2.wp.com\/www.jago.fr\/atelier-peinture\/wp-content\/uploads\/2021\/05\/MG_1492.jpg?ssl=1\"\/><\/figure><\/div><div class=\"tiled-gallery__col\"><figure class=\"tiled-gallery__item\"><img decoding=\"async\" srcset=\"https:\/\/i0.wp.com\/www.jago.fr\/atelier-peinture\/wp-content\/uploads\/2021\/05\/MG_1494.jpg?strip=info&#038;w=600&#038;ssl=1 600w,https:\/\/i0.wp.com\/www.jago.fr\/atelier-peinture\/wp-content\/uploads\/2021\/05\/MG_1494.jpg?strip=info&#038;w=900&#038;ssl=1 900w,https:\/\/i0.wp.com\/www.jago.fr\/atelier-peinture\/wp-content\/uploads\/2021\/05\/MG_1494.jpg?strip=info&#038;w=1200&#038;ssl=1 1200w,https:\/\/i0.wp.com\/www.jago.fr\/atelier-peinture\/wp-content\/uploads\/2021\/05\/MG_1494.jpg?strip=info&#038;w=1500&#038;ssl=1 1500w,https:\/\/i0.wp.com\/www.jago.fr\/atelier-peinture\/wp-content\/uploads\/2021\/05\/MG_1494.jpg?strip=info&#038;w=1800&#038;ssl=1 1800w,https:\/\/i0.wp.com\/www.jago.fr\/atelier-peinture\/wp-content\/uploads\/2021\/05\/MG_1494.jpg?strip=info&#038;w=1830&#038;ssl=1 1830w\" alt=\"\" data-height=\"2292\" data-id=\"300\" data-link=\"https:\/\/www.jago.fr\/atelier-peinture\/_mg_1494\/\" data-url=\"https:\/\/www.jago.fr\/atelier-peinture\/wp-content\/uploads\/2021\/05\/MG_1494.jpg\" data-width=\"1830\" src=\"https:\/\/i0.wp.com\/www.jago.fr\/atelier-peinture\/wp-content\/uploads\/2021\/05\/MG_1494.jpg?ssl=1\"\/><\/figure><\/div><div class=\"tiled-gallery__col\"><figure class=\"tiled-gallery__item\"><img decoding=\"async\" srcset=\"https:\/\/i1.wp.com\/www.jago.fr\/atelier-peinture\/wp-content\/uploads\/2021\/05\/MG_1496.jpg?strip=info&#038;w=600&#038;ssl=1 600w,https:\/\/i1.wp.com\/www.jago.fr\/atelier-peinture\/wp-content\/uploads\/2021\/05\/MG_1496.jpg?strip=info&#038;w=900&#038;ssl=1 900w,https:\/\/i1.wp.com\/www.jago.fr\/atelier-peinture\/wp-content\/uploads\/2021\/05\/MG_1496.jpg?strip=info&#038;w=1200&#038;ssl=1 1200w,https:\/\/i1.wp.com\/www.jago.fr\/atelier-peinture\/wp-content\/uploads\/2021\/05\/MG_1496.jpg?strip=info&#038;w=1500&#038;ssl=1 1500w,https:\/\/i1.wp.com\/www.jago.fr\/atelier-peinture\/wp-content\/uploads\/2021\/05\/MG_1496.jpg?strip=info&#038;w=1800&#038;ssl=1 1800w,https:\/\/i1.wp.com\/www.jago.fr\/atelier-peinture\/wp-content\/uploads\/2021\/05\/MG_1496.jpg?strip=info&#038;w=1911&#038;ssl=1 1911w\" alt=\"\" data-height=\"2226\" data-id=\"299\" data-link=\"https:\/\/www.jago.fr\/atelier-peinture\/_mg_1496\/\" data-url=\"https:\/\/www.jago.fr\/atelier-peinture\/wp-content\/uploads\/2021\/05\/MG_1496.jpg\" data-width=\"1911\" src=\"https:\/\/i1.wp.com\/www.jago.fr\/atelier-peinture\/wp-content\/uploads\/2021\/05\/MG_1496.jpg?ssl=1\"\/><\/figure><\/div><\/div><div class=\"tiled-gallery__row\"><div class=\"tiled-gallery__col\"><figure class=\"tiled-gallery__item\"><img decoding=\"async\" srcset=\"https:\/\/i2.wp.com\/www.jago.fr\/atelier-peinture\/wp-content\/uploads\/2021\/05\/MG_1497-scaled.jpg?strip=info&#038;w=600&#038;ssl=1 600w,https:\/\/i2.wp.com\/www.jago.fr\/atelier-peinture\/wp-content\/uploads\/2021\/05\/MG_1497-scaled.jpg?strip=info&#038;w=900&#038;ssl=1 900w,https:\/\/i2.wp.com\/www.jago.fr\/atelier-peinture\/wp-content\/uploads\/2021\/05\/MG_1497-scaled.jpg?strip=info&#038;w=1200&#038;ssl=1 1200w,https:\/\/i2.wp.com\/www.jago.fr\/atelier-peinture\/wp-content\/uploads\/2021\/05\/MG_1497-scaled.jpg?strip=info&#038;w=1500&#038;ssl=1 1500w,https:\/\/i2.wp.com\/www.jago.fr\/atelier-peinture\/wp-content\/uploads\/2021\/05\/MG_1497-scaled.jpg?strip=info&#038;w=1800&#038;ssl=1 1800w,https:\/\/i2.wp.com\/www.jago.fr\/atelier-peinture\/wp-content\/uploads\/2021\/05\/MG_1497-scaled.jpg?strip=info&#038;w=2000&#038;ssl=1 2000w\" alt=\"\" data-height=\"1965\" data-id=\"298\" data-link=\"https:\/\/www.jago.fr\/atelier-peinture\/_mg_1497\/\" data-url=\"https:\/\/www.jago.fr\/atelier-peinture\/wp-content\/uploads\/2021\/05\/MG_1497-scaled.jpg\" data-width=\"2560\" src=\"https:\/\/i2.wp.com\/www.jago.fr\/atelier-peinture\/wp-content\/uploads\/2021\/05\/MG_1497-scaled.jpg?ssl=1\"\/><\/figure><figure class=\"tiled-gallery__item\"><img decoding=\"async\" srcset=\"https:\/\/i2.wp.com\/www.jago.fr\/atelier-peinture\/wp-content\/uploads\/2021\/05\/MG_1498-scaled.jpg?strip=info&#038;w=600&#038;ssl=1 600w,https:\/\/i2.wp.com\/www.jago.fr\/atelier-peinture\/wp-content\/uploads\/2021\/05\/MG_1498-scaled.jpg?strip=info&#038;w=900&#038;ssl=1 900w,https:\/\/i2.wp.com\/www.jago.fr\/atelier-peinture\/wp-content\/uploads\/2021\/05\/MG_1498-scaled.jpg?strip=info&#038;w=1200&#038;ssl=1 1200w,https:\/\/i2.wp.com\/www.jago.fr\/atelier-peinture\/wp-content\/uploads\/2021\/05\/MG_1498-scaled.jpg?strip=info&#038;w=1500&#038;ssl=1 1500w,https:\/\/i2.wp.com\/www.jago.fr\/atelier-peinture\/wp-content\/uploads\/2021\/05\/MG_1498-scaled.jpg?strip=info&#038;w=1800&#038;ssl=1 1800w,https:\/\/i2.wp.com\/www.jago.fr\/atelier-peinture\/wp-content\/uploads\/2021\/05\/MG_1498-scaled.jpg?strip=info&#038;w=2000&#038;ssl=1 2000w\" alt=\"\" data-height=\"1986\" data-id=\"297\" data-link=\"https:\/\/www.jago.fr\/atelier-peinture\/_mg_1498\/\" data-url=\"https:\/\/www.jago.fr\/atelier-peinture\/wp-content\/uploads\/2021\/05\/MG_1498-scaled.jpg\" data-width=\"2560\" src=\"https:\/\/i2.wp.com\/www.jago.fr\/atelier-peinture\/wp-content\/uploads\/2021\/05\/MG_1498-scaled.jpg?ssl=1\"\/><\/figure><\/div><div class=\"tiled-gallery__col\"><figure class=\"tiled-gallery__item\"><img decoding=\"async\" srcset=\"https:\/\/i0.wp.com\/www.jago.fr\/atelier-peinture\/wp-content\/uploads\/2021\/05\/MG_1499.jpg?strip=info&#038;w=600&#038;ssl=1 600w,https:\/\/i0.wp.com\/www.jago.fr\/atelier-peinture\/wp-content\/uploads\/2021\/05\/MG_1499.jpg?strip=info&#038;w=900&#038;ssl=1 900w,https:\/\/i0.wp.com\/www.jago.fr\/atelier-peinture\/wp-content\/uploads\/2021\/05\/MG_1499.jpg?strip=info&#038;w=1200&#038;ssl=1 1200w,https:\/\/i0.wp.com\/www.jago.fr\/atelier-peinture\/wp-content\/uploads\/2021\/05\/MG_1499.jpg?strip=info&#038;w=1500&#038;ssl=1 1500w,https:\/\/i0.wp.com\/www.jago.fr\/atelier-peinture\/wp-content\/uploads\/2021\/05\/MG_1499.jpg?strip=info&#038;w=1800&#038;ssl=1 1800w,https:\/\/i0.wp.com\/www.jago.fr\/atelier-peinture\/wp-content\/uploads\/2021\/05\/MG_1499.jpg?strip=info&#038;w=1819&#038;ssl=1 1819w\" alt=\"\" data-height=\"2207\" data-id=\"296\" data-link=\"https:\/\/www.jago.fr\/atelier-peinture\/_mg_1499\/\" data-url=\"https:\/\/www.jago.fr\/atelier-peinture\/wp-content\/uploads\/2021\/05\/MG_1499.jpg\" data-width=\"1819\" src=\"https:\/\/i0.wp.com\/www.jago.fr\/atelier-peinture\/wp-content\/uploads\/2021\/05\/MG_1499.jpg?ssl=1\"\/><\/figure><\/div><\/div><div class=\"tiled-gallery__row\"><div class=\"tiled-gallery__col\"><figure class=\"tiled-gallery__item\"><img decoding=\"async\" srcset=\"https:\/\/i1.wp.com\/www.jago.fr\/atelier-peinture\/wp-content\/uploads\/2021\/05\/MG_1500.jpg?strip=info&#038;w=600&#038;ssl=1 600w,https:\/\/i1.wp.com\/www.jago.fr\/atelier-peinture\/wp-content\/uploads\/2021\/05\/MG_1500.jpg?strip=info&#038;w=900&#038;ssl=1 900w,https:\/\/i1.wp.com\/www.jago.fr\/atelier-peinture\/wp-content\/uploads\/2021\/05\/MG_1500.jpg?strip=info&#038;w=1200&#038;ssl=1 1200w,https:\/\/i1.wp.com\/www.jago.fr\/atelier-peinture\/wp-content\/uploads\/2021\/05\/MG_1500.jpg?strip=info&#038;w=1500&#038;ssl=1 1500w,https:\/\/i1.wp.com\/www.jago.fr\/atelier-peinture\/wp-content\/uploads\/2021\/05\/MG_1500.jpg?strip=info&#038;w=1800&#038;ssl=1 1800w,https:\/\/i1.wp.com\/www.jago.fr\/atelier-peinture\/wp-content\/uploads\/2021\/05\/MG_1500.jpg?strip=info&#038;w=2000&#038;ssl=1 2000w\" alt=\"\" data-height=\"1863\" data-id=\"295\" data-link=\"https:\/\/www.jago.fr\/atelier-peinture\/_mg_1500\/\" data-url=\"https:\/\/www.jago.fr\/atelier-peinture\/wp-content\/uploads\/2021\/05\/MG_1500.jpg\" data-width=\"2474\" src=\"https:\/\/i1.wp.com\/www.jago.fr\/atelier-peinture\/wp-content\/uploads\/2021\/05\/MG_1500.jpg?ssl=1\"\/><\/figure><\/div><div class=\"tiled-gallery__col\"><figure class=\"tiled-gallery__item\"><img decoding=\"async\" srcset=\"https:\/\/i0.wp.com\/www.jago.fr\/atelier-peinture\/wp-content\/uploads\/2021\/05\/MG_1501-scaled.jpg?strip=info&#038;w=600&#038;ssl=1 600w,https:\/\/i0.wp.com\/www.jago.fr\/atelier-peinture\/wp-content\/uploads\/2021\/05\/MG_1501-scaled.jpg?strip=info&#038;w=900&#038;ssl=1 900w,https:\/\/i0.wp.com\/www.jago.fr\/atelier-peinture\/wp-content\/uploads\/2021\/05\/MG_1501-scaled.jpg?strip=info&#038;w=1200&#038;ssl=1 1200w,https:\/\/i0.wp.com\/www.jago.fr\/atelier-peinture\/wp-content\/uploads\/2021\/05\/MG_1501-scaled.jpg?strip=info&#038;w=1500&#038;ssl=1 1500w,https:\/\/i0.wp.com\/www.jago.fr\/atelier-peinture\/wp-content\/uploads\/2021\/05\/MG_1501-scaled.jpg?strip=info&#038;w=1800&#038;ssl=1 1800w,https:\/\/i0.wp.com\/www.jago.fr\/atelier-peinture\/wp-content\/uploads\/2021\/05\/MG_1501-scaled.jpg?strip=info&#038;w=2000&#038;ssl=1 2000w\" alt=\"\" data-height=\"1964\" data-id=\"294\" data-link=\"https:\/\/www.jago.fr\/atelier-peinture\/_mg_1501\/\" data-url=\"https:\/\/www.jago.fr\/atelier-peinture\/wp-content\/uploads\/2021\/05\/MG_1501-scaled.jpg\" data-width=\"2560\" src=\"https:\/\/i0.wp.com\/www.jago.fr\/atelier-peinture\/wp-content\/uploads\/2021\/05\/MG_1501-scaled.jpg?ssl=1\"\/><\/figure><\/div><\/div><\/div><\/div>\n","protected":false},"excerpt":{"rendered":"<p>Le pastel est un m\u00e9dia subtil. Par sa composition, poudreuse, autant que par ses teintes, pigments purs, brillance, lumi\u00e8re&#8230; Il est fragile comme une aile de papillon et demande un encadrement sous verre. C&rsquo;est une difficult\u00e9 qui ne me pousse pas \u00e0 l&rsquo;exploiter davantage.<\/p>\n","protected":false},"author":1,"featured_media":0,"parent":0,"menu_order":0,"comment_status":"closed","ping_status":"closed","template":"","meta":{"footnotes":""},"jetpack_sharing_enabled":true,"_links":{"self":[{"href":"https:\/\/www.jago.fr\/atelier-peinture\/wp-json\/wp\/v2\/pages\/307"}],"collection":[{"href":"https:\/\/www.jago.fr\/atelier-peinture\/wp-json\/wp\/v2\/pages"}],"about":[{"href":"https:\/\/www.jago.fr\/atelier-peinture\/wp-json\/wp\/v2\/types\/page"}],"author":[{"embeddable":true,"href":"https:\/\/www.jago.fr\/atelier-peinture\/wp-json\/wp\/v2\/users\/1"}],"replies":[{"embeddable":true,"href":"https:\/\/www.jago.fr\/atelier-peinture\/wp-json\/wp\/v2\/comments?post=307"}],"version-history":[{"count":3,"href":"https:\/\/www.jago.fr\/atelier-peinture\/wp-json\/wp\/v2\/pages\/307\/revisions"}],"predecessor-version":[{"id":328,"href":"https:\/\/www.jago.fr\/atelier-peinture\/wp-json\/wp\/v2\/pages\/307\/revisions\/328"}],"wp:attachment":[{"href":"https:\/\/www.jago.fr\/atelier-peinture\/wp-json\/wp\/v2\/media?parent=307"}],"curies":[{"name":"wp","href":"https:\/\/api.w.org\/{rel}","templated":true}]}}