{"id":310,"date":"2021-05-18T18:13:35","date_gmt":"2021-05-18T16:13:35","guid":{"rendered":"https:\/\/www.jago.fr\/atelier-peinture\/?page_id=310"},"modified":"2025-06-05T09:28:11","modified_gmt":"2025-06-05T07:28:11","slug":"un-passage-vers-ailleurs","status":"publish","type":"page","link":"https:\/\/www.jago.fr\/atelier-peinture\/un-passage-vers-ailleurs\/","title":{"rendered":"Un passage vers Ailleurs"},"content":{"rendered":"\n<p>Le temps a suspendu son vol. M\u00eame dans la campagne, m\u00eame dans les Ardennes.  <\/p>\n\n\n\n<p>Ils ont dit : Pand\u00e9mie !<\/p>\n\n\n\n<p>Tout est coinc\u00e9 dehors, dedans aussi. De l&rsquo;air\u00a0! De l&rsquo;air\u00a0!  <\/p>\n\n\n\n<p>Pand\u00e9mie !<\/p>\n\n\n\n<p>Trouver un passage. Faire silence, cesser les bavardages st\u00e9riles, inutiles, vides de sens. Trouver un passage.  <\/p>\n\n\n<div class=\"wp-block-image\">\n<figure class=\"aligncenter size-large is-resized\"><img loading=\"lazy\" decoding=\"async\" width=\"1024\" height=\"759\" src=\"https:\/\/www.jago.fr\/atelier-peinture\/wp-content\/uploads\/2021\/05\/MG_1507-1024x759.jpg\" alt=\"\" class=\"wp-image-323\" style=\"width:603px;height:447px\" srcset=\"https:\/\/www.jago.fr\/atelier-peinture\/wp-content\/uploads\/2021\/05\/MG_1507-1024x759.jpg 1024w, https:\/\/www.jago.fr\/atelier-peinture\/wp-content\/uploads\/2021\/05\/MG_1507-300x222.jpg 300w, https:\/\/www.jago.fr\/atelier-peinture\/wp-content\/uploads\/2021\/05\/MG_1507-768x569.jpg 768w, https:\/\/www.jago.fr\/atelier-peinture\/wp-content\/uploads\/2021\/05\/MG_1507-1536x1138.jpg 1536w, https:\/\/www.jago.fr\/atelier-peinture\/wp-content\/uploads\/2021\/05\/MG_1507-2048x1518.jpg 2048w\" sizes=\"(max-width: 1024px) 100vw, 1024px\" \/><figcaption class=\"wp-element-caption\">Citerne &#8211; Huile \/ toile \/ 30&#215;40 cm  \/ <strong>VENDU<\/strong> <\/figcaption><\/figure><\/div>\n\n\n<figure class=\"wp-block-image size-large\"><img loading=\"lazy\" decoding=\"async\" width=\"1024\" height=\"865\" src=\"https:\/\/www.jago.fr\/atelier-peinture\/wp-content\/uploads\/2021\/05\/MG_1508-1024x865.jpg\" alt=\"\" class=\"wp-image-287\" srcset=\"https:\/\/www.jago.fr\/atelier-peinture\/wp-content\/uploads\/2021\/05\/MG_1508-1024x865.jpg 1024w, https:\/\/www.jago.fr\/atelier-peinture\/wp-content\/uploads\/2021\/05\/MG_1508-300x253.jpg 300w, https:\/\/www.jago.fr\/atelier-peinture\/wp-content\/uploads\/2021\/05\/MG_1508-768x649.jpg 768w, https:\/\/www.jago.fr\/atelier-peinture\/wp-content\/uploads\/2021\/05\/MG_1508-1536x1297.jpg 1536w, https:\/\/www.jago.fr\/atelier-peinture\/wp-content\/uploads\/2021\/05\/MG_1508-2048x1730.jpg 2048w\" sizes=\"(max-width: 1024px) 100vw, 1024px\" \/><figcaption class=\"wp-element-caption\">Agriculture &#8211; Huile \/ toile \/ 46&#215;55 cm  \/ <strong>VENDU<\/strong> <\/figcaption><\/figure>\n\n\n\n<figure class=\"wp-block-image size-large\"><img loading=\"lazy\" decoding=\"async\" width=\"1024\" height=\"776\" src=\"https:\/\/www.jago.fr\/atelier-peinture\/wp-content\/uploads\/2021\/05\/MG_1516-1024x776.jpg\" alt=\"\" class=\"wp-image-282\" srcset=\"https:\/\/www.jago.fr\/atelier-peinture\/wp-content\/uploads\/2021\/05\/MG_1516-1024x776.jpg 1024w, https:\/\/www.jago.fr\/atelier-peinture\/wp-content\/uploads\/2021\/05\/MG_1516-300x227.jpg 300w, https:\/\/www.jago.fr\/atelier-peinture\/wp-content\/uploads\/2021\/05\/MG_1516-768x582.jpg 768w, https:\/\/www.jago.fr\/atelier-peinture\/wp-content\/uploads\/2021\/05\/MG_1516-1536x1165.jpg 1536w, https:\/\/www.jago.fr\/atelier-peinture\/wp-content\/uploads\/2021\/05\/MG_1516-2048x1553.jpg 2048w\" sizes=\"(max-width: 1024px) 100vw, 1024px\" \/><figcaption class=\"wp-element-caption\">D\u00e9dale &#8211; Huile \/ toile \/ 50&#215;65 cm<\/figcaption><\/figure>\n\n\n\n<figure class=\"wp-block-image size-large\"><img loading=\"lazy\" decoding=\"async\" width=\"1024\" height=\"787\" src=\"https:\/\/www.jago.fr\/atelier-peinture\/wp-content\/uploads\/2021\/05\/MG_1503-1024x787.jpg\" alt=\"\" class=\"wp-image-292\" srcset=\"https:\/\/www.jago.fr\/atelier-peinture\/wp-content\/uploads\/2021\/05\/MG_1503-1024x787.jpg 1024w, https:\/\/www.jago.fr\/atelier-peinture\/wp-content\/uploads\/2021\/05\/MG_1503-300x231.jpg 300w, https:\/\/www.jago.fr\/atelier-peinture\/wp-content\/uploads\/2021\/05\/MG_1503-768x590.jpg 768w, https:\/\/www.jago.fr\/atelier-peinture\/wp-content\/uploads\/2021\/05\/MG_1503-1536x1181.jpg 1536w, https:\/\/www.jago.fr\/atelier-peinture\/wp-content\/uploads\/2021\/05\/MG_1503-2048x1574.jpg 2048w\" sizes=\"(max-width: 1024px) 100vw, 1024px\" \/><figcaption class=\"wp-element-caption\">La chute du Minotaure &#8211; Huile \/ toile \/ 50&#215;65 cm<\/figcaption><\/figure>\n\n\n<div class=\"wp-block-image\">\n<figure class=\"aligncenter size-large is-resized\"><img loading=\"lazy\" decoding=\"async\" width=\"1024\" height=\"794\" src=\"https:\/\/www.jago.fr\/atelier-peinture\/wp-content\/uploads\/2021\/05\/sortie-1-1024x794.jpg\" alt=\"\" class=\"wp-image-360\" style=\"width:687px;height:532px\" srcset=\"https:\/\/www.jago.fr\/atelier-peinture\/wp-content\/uploads\/2021\/05\/sortie-1-1024x794.jpg 1024w, https:\/\/www.jago.fr\/atelier-peinture\/wp-content\/uploads\/2021\/05\/sortie-1-300x233.jpg 300w, https:\/\/www.jago.fr\/atelier-peinture\/wp-content\/uploads\/2021\/05\/sortie-1-768x596.jpg 768w, https:\/\/www.jago.fr\/atelier-peinture\/wp-content\/uploads\/2021\/05\/sortie-1-1536x1191.jpg 1536w, https:\/\/www.jago.fr\/atelier-peinture\/wp-content\/uploads\/2021\/05\/sortie-1-2048x1588.jpg 2048w\" sizes=\"(max-width: 1024px) 100vw, 1024px\" \/><figcaption class=\"wp-element-caption\">Autorisation de sortie- Huile \/ toile \/ 33&#215;46 cm<\/figcaption><\/figure><\/div>\n\n<div class=\"wp-block-image\">\n<figure class=\"aligncenter size-large is-resized\"><img loading=\"lazy\" decoding=\"async\" width=\"1024\" height=\"825\" src=\"https:\/\/www.jago.fr\/atelier-peinture\/wp-content\/uploads\/2021\/05\/annonce-1024x825.jpg\" alt=\"\" class=\"wp-image-344\" style=\"width:594px;height:479px\" srcset=\"https:\/\/www.jago.fr\/atelier-peinture\/wp-content\/uploads\/2021\/05\/annonce-1024x825.jpg 1024w, https:\/\/www.jago.fr\/atelier-peinture\/wp-content\/uploads\/2021\/05\/annonce-300x242.jpg 300w, https:\/\/www.jago.fr\/atelier-peinture\/wp-content\/uploads\/2021\/05\/annonce-768x619.jpg 768w, https:\/\/www.jago.fr\/atelier-peinture\/wp-content\/uploads\/2021\/05\/annonce-1536x1237.jpg 1536w, https:\/\/www.jago.fr\/atelier-peinture\/wp-content\/uploads\/2021\/05\/annonce-2048x1650.jpg 2048w\" sizes=\"(max-width: 1024px) 100vw, 1024px\" \/><figcaption class=\"wp-element-caption\">L&rsquo;annonce &#8211; Huile \/ toile \/ 33&#215;41 cm<\/figcaption><\/figure><\/div>\n\n<div class=\"wp-block-image\">\n<figure class=\"aligncenter size-large is-resized\"><img loading=\"lazy\" decoding=\"async\" width=\"1024\" height=\"768\" src=\"https:\/\/www.jago.fr\/atelier-peinture\/wp-content\/uploads\/2021\/05\/justine-1024x768.jpg\" alt=\"\" class=\"wp-image-352\" style=\"width:609px;height:456px\" srcset=\"https:\/\/www.jago.fr\/atelier-peinture\/wp-content\/uploads\/2021\/05\/justine-1024x768.jpg 1024w, https:\/\/www.jago.fr\/atelier-peinture\/wp-content\/uploads\/2021\/05\/justine-300x225.jpg 300w, https:\/\/www.jago.fr\/atelier-peinture\/wp-content\/uploads\/2021\/05\/justine-768x576.jpg 768w, https:\/\/www.jago.fr\/atelier-peinture\/wp-content\/uploads\/2021\/05\/justine-1536x1152.jpg 1536w, https:\/\/www.jago.fr\/atelier-peinture\/wp-content\/uploads\/2021\/05\/justine-2048x1537.jpg 2048w\" sizes=\"(max-width: 1024px) 100vw, 1024px\" \/><figcaption class=\"wp-element-caption\">Justine &#8211; Huile \/ toile \/ 33&#215;41 cm  \/ <strong>VENDU<\/strong> <\/figcaption><\/figure><\/div>\n\n<div class=\"wp-block-image\">\n<figure class=\"aligncenter size-large is-resized\"><img loading=\"lazy\" decoding=\"async\" width=\"1024\" height=\"737\" src=\"https:\/\/www.jago.fr\/atelier-peinture\/wp-content\/uploads\/2021\/05\/brouet-1024x737.jpg\" alt=\"\" class=\"wp-image-345\" style=\"width:472px;height:340px\" srcset=\"https:\/\/www.jago.fr\/atelier-peinture\/wp-content\/uploads\/2021\/05\/brouet-1024x737.jpg 1024w, https:\/\/www.jago.fr\/atelier-peinture\/wp-content\/uploads\/2021\/05\/brouet-300x216.jpg 300w, https:\/\/www.jago.fr\/atelier-peinture\/wp-content\/uploads\/2021\/05\/brouet-768x553.jpg 768w, https:\/\/www.jago.fr\/atelier-peinture\/wp-content\/uploads\/2021\/05\/brouet-1536x1105.jpg 1536w, https:\/\/www.jago.fr\/atelier-peinture\/wp-content\/uploads\/2021\/05\/brouet-2048x1474.jpg 2048w\" sizes=\"(max-width: 1024px) 100vw, 1024px\" \/><figcaption class=\"wp-element-caption\">Justine &#8211; Huile \/ toile \/ 20&#215;30 cm<\/figcaption><\/figure><\/div>\n\n\n<p>Confinement !<\/p>\n\n\n\n<p>Des Sentiers s&rsquo;ouvrent. Qui ne m\u00e8nent qu&rsquo;au ressassement des m\u00eame vieilles images. Mes yeux se perdent. J&rsquo;erre dans un monde impr\u00e9cis. Et puis tout \u00e0 une fin, et le chemin reprend. Le mur s&rsquo;entrouvre et laisse passer une image. L&rsquo;esprit s&rsquo;engouffre avec avidit\u00e9 dans ce monde offert.<\/p>\n\n\n\n<p>Trouver un nouvel alphabet, d&rsquo;abord. De nouvelles lettres pour \u00e9crire de nouveaux mots. Construire des dialogues spirituels, osons le mot. Chemin ardu et t\u00e2tonnant. L&rsquo;abstraction est un chemin de croix, un p\u00e8lerinage sans boussole. Les pieds nus sur les cailloux du chemin. Quelquefois au bout du chemin se trouve la Lumi\u00e8re. Un enchantement qui se passe de mots.   <\/p>\n\n\n\n<p>Pour paraphraser l&rsquo;Autre Ardennais : Je suis pass\u00e9 du c\u00f4t\u00e9 abstrait et je danse.  <\/p>\n\n\n<div class=\"wp-block-image\">\n<figure class=\"aligncenter size-large is-resized\"><img loading=\"lazy\" decoding=\"async\" width=\"818\" height=\"1024\" src=\"https:\/\/www.jago.fr\/atelier-peinture\/wp-content\/uploads\/2021\/05\/cuivre-818x1024.jpg\" alt=\"\" class=\"wp-image-347\" style=\"width:487px;height:610px\" srcset=\"https:\/\/www.jago.fr\/atelier-peinture\/wp-content\/uploads\/2021\/05\/cuivre-818x1024.jpg 818w, https:\/\/www.jago.fr\/atelier-peinture\/wp-content\/uploads\/2021\/05\/cuivre-240x300.jpg 240w, https:\/\/www.jago.fr\/atelier-peinture\/wp-content\/uploads\/2021\/05\/cuivre-768x962.jpg 768w, https:\/\/www.jago.fr\/atelier-peinture\/wp-content\/uploads\/2021\/05\/cuivre-1227x1536.jpg 1227w, https:\/\/www.jago.fr\/atelier-peinture\/wp-content\/uploads\/2021\/05\/cuivre.jpg 1626w\" sizes=\"(max-width: 818px) 100vw, 818px\" \/><figcaption class=\"wp-element-caption\">L&rsquo;alphabet de cuivre &#8211; Huile \/ toile \/ 40&#215;50 cm  \/ <strong>VENDU<\/strong> <\/figcaption><\/figure><\/div>\n\n<div class=\"wp-block-image\">\n<figure class=\"aligncenter size-large is-resized\"><img loading=\"lazy\" decoding=\"async\" width=\"856\" height=\"1024\" src=\"https:\/\/www.jago.fr\/atelier-peinture\/wp-content\/uploads\/2021\/05\/land-1-856x1024.jpg\" alt=\"\" class=\"wp-image-357\" style=\"width:484px;height:579px\" srcset=\"https:\/\/www.jago.fr\/atelier-peinture\/wp-content\/uploads\/2021\/05\/land-1-856x1024.jpg 856w, https:\/\/www.jago.fr\/atelier-peinture\/wp-content\/uploads\/2021\/05\/land-1-251x300.jpg 251w, https:\/\/www.jago.fr\/atelier-peinture\/wp-content\/uploads\/2021\/05\/land-1-768x919.jpg 768w, https:\/\/www.jago.fr\/atelier-peinture\/wp-content\/uploads\/2021\/05\/land-1-1284x1536.jpg 1284w, https:\/\/www.jago.fr\/atelier-peinture\/wp-content\/uploads\/2021\/05\/land-1.jpg 1673w\" sizes=\"(max-width: 856px) 100vw, 856px\" \/><figcaption class=\"wp-element-caption\">Land of confusion (d&rsquo;ap. Genesis) &#8211; Huile \/ toile \/ 33&#215;46 cm<\/figcaption><\/figure><\/div>\n\n<div class=\"wp-block-image\">\n<figure class=\"aligncenter size-large is-resized\"><img loading=\"lazy\" decoding=\"async\" width=\"815\" height=\"1024\" src=\"https:\/\/www.jago.fr\/atelier-peinture\/wp-content\/uploads\/2021\/05\/MG_1502-815x1024.jpg\" alt=\"\" class=\"wp-image-293\" style=\"width:470px;height:590px\" srcset=\"https:\/\/www.jago.fr\/atelier-peinture\/wp-content\/uploads\/2021\/05\/MG_1502-815x1024.jpg 815w, https:\/\/www.jago.fr\/atelier-peinture\/wp-content\/uploads\/2021\/05\/MG_1502-239x300.jpg 239w, https:\/\/www.jago.fr\/atelier-peinture\/wp-content\/uploads\/2021\/05\/MG_1502-768x965.jpg 768w, https:\/\/www.jago.fr\/atelier-peinture\/wp-content\/uploads\/2021\/05\/MG_1502-1223x1536.jpg 1223w, https:\/\/www.jago.fr\/atelier-peinture\/wp-content\/uploads\/2021\/05\/MG_1502.jpg 1598w\" sizes=\"(max-width: 815px) 100vw, 815px\" \/><figcaption class=\"wp-element-caption\">Printemps &#8211; Huile \/ toile \/ 46&#215;55 cm<\/figcaption><\/figure><\/div>\n\n<div class=\"wp-block-image\">\n<figure class=\"aligncenter size-large is-resized\"><img loading=\"lazy\" decoding=\"async\" width=\"1024\" height=\"1024\" src=\"https:\/\/www.jago.fr\/atelier-peinture\/wp-content\/uploads\/2021\/05\/ange-1024x1024.jpg\" alt=\"\" class=\"wp-image-343\" style=\"width:395px;height:395px\" srcset=\"https:\/\/www.jago.fr\/atelier-peinture\/wp-content\/uploads\/2021\/05\/ange-1024x1024.jpg 1024w, https:\/\/www.jago.fr\/atelier-peinture\/wp-content\/uploads\/2021\/05\/ange-300x300.jpg 300w, https:\/\/www.jago.fr\/atelier-peinture\/wp-content\/uploads\/2021\/05\/ange-150x150.jpg 150w, https:\/\/www.jago.fr\/atelier-peinture\/wp-content\/uploads\/2021\/05\/ange-768x768.jpg 768w, https:\/\/www.jago.fr\/atelier-peinture\/wp-content\/uploads\/2021\/05\/ange-1536x1536.jpg 1536w, https:\/\/www.jago.fr\/atelier-peinture\/wp-content\/uploads\/2021\/05\/ange.jpg 1889w\" sizes=\"(max-width: 1024px) 100vw, 1024px\" \/><figcaption class=\"wp-element-caption\">La chute de l&rsquo;Ange  Huile \/ toile \/ 30&#215;30 cm  \/  <strong>VENDU<\/strong> <\/figcaption><\/figure><\/div>\n\n<div class=\"wp-block-image\">\n<figure class=\"aligncenter size-large is-resized\"><img loading=\"lazy\" decoding=\"async\" width=\"809\" height=\"1024\" src=\"https:\/\/www.jago.fr\/atelier-peinture\/wp-content\/uploads\/2021\/05\/corne-809x1024.jpg\" alt=\"\" class=\"wp-image-346\" style=\"width:693px;height:877px\" srcset=\"https:\/\/www.jago.fr\/atelier-peinture\/wp-content\/uploads\/2021\/05\/corne-809x1024.jpg 809w, https:\/\/www.jago.fr\/atelier-peinture\/wp-content\/uploads\/2021\/05\/corne-237x300.jpg 237w, https:\/\/www.jago.fr\/atelier-peinture\/wp-content\/uploads\/2021\/05\/corne-768x972.jpg 768w, https:\/\/www.jago.fr\/atelier-peinture\/wp-content\/uploads\/2021\/05\/corne-1214x1536.jpg 1214w, https:\/\/www.jago.fr\/atelier-peinture\/wp-content\/uploads\/2021\/05\/corne-1618x2048.jpg 1618w, https:\/\/www.jago.fr\/atelier-peinture\/wp-content\/uploads\/2021\/05\/corne.jpg 1623w\" sizes=\"(max-width: 809px) 100vw, 809px\" \/><figcaption class=\"wp-element-caption\">La Corne d&rsquo;Abondance &#8211; Huile \/ toile \/ 72&#215;92 cm<\/figcaption><\/figure><\/div>\n\n\n<figure class=\"wp-block-image aligncenter size-large is-resized\"><img loading=\"lazy\" decoding=\"async\" width=\"663\" height=\"1024\" src=\"https:\/\/www.jago.fr\/atelier-peinture\/wp-content\/uploads\/2021\/05\/judith-663x1024.jpg\" alt=\"\" class=\"wp-image-351\" style=\"width:812px;height:1254px\" srcset=\"https:\/\/www.jago.fr\/atelier-peinture\/wp-content\/uploads\/2021\/05\/judith-663x1024.jpg 663w, https:\/\/www.jago.fr\/atelier-peinture\/wp-content\/uploads\/2021\/05\/judith-194x300.jpg 194w, https:\/\/www.jago.fr\/atelier-peinture\/wp-content\/uploads\/2021\/05\/judith-768x1187.jpg 768w, https:\/\/www.jago.fr\/atelier-peinture\/wp-content\/uploads\/2021\/05\/judith-994x1536.jpg 994w, https:\/\/www.jago.fr\/atelier-peinture\/wp-content\/uploads\/2021\/05\/judith-1325x2048.jpg 1325w, https:\/\/www.jago.fr\/atelier-peinture\/wp-content\/uploads\/2021\/05\/judith.jpg 1404w\" sizes=\"(max-width: 663px) 100vw, 663px\" \/><figcaption class=\"wp-element-caption\">Judith triumphans  Huile \/ toile \/ 115&#215;75\n cm<\/figcaption><\/figure>\n\n\n<div class=\"wp-block-image\">\n<figure class=\"aligncenter size-large\"><img loading=\"lazy\" decoding=\"async\" width=\"1024\" height=\"1024\" src=\"https:\/\/www.jago.fr\/atelier-peinture\/wp-content\/uploads\/2021\/05\/penelope-1-1024x1024.jpg\" alt=\"\" class=\"wp-image-358\" srcset=\"https:\/\/www.jago.fr\/atelier-peinture\/wp-content\/uploads\/2021\/05\/penelope-1-1024x1024.jpg 1024w, https:\/\/www.jago.fr\/atelier-peinture\/wp-content\/uploads\/2021\/05\/penelope-1-300x300.jpg 300w, https:\/\/www.jago.fr\/atelier-peinture\/wp-content\/uploads\/2021\/05\/penelope-1-150x150.jpg 150w, https:\/\/www.jago.fr\/atelier-peinture\/wp-content\/uploads\/2021\/05\/penelope-1-768x768.jpg 768w, https:\/\/www.jago.fr\/atelier-peinture\/wp-content\/uploads\/2021\/05\/penelope-1-1536x1536.jpg 1536w, https:\/\/www.jago.fr\/atelier-peinture\/wp-content\/uploads\/2021\/05\/penelope-1-2048x2048.jpg 2048w\" sizes=\"(max-width: 1024px) 100vw, 1024px\" \/><figcaption class=\"wp-element-caption\">Penelope &#8211; Huile \/ toile \/ 100&#215;100 cm \/ <strong>VENDU<\/strong> <\/figcaption><\/figure><\/div>\n\n<div class=\"wp-block-image\">\n<figure class=\"aligncenter size-large is-resized\"><img loading=\"lazy\" decoding=\"async\" width=\"1024\" height=\"1024\" src=\"https:\/\/www.jago.fr\/atelier-peinture\/wp-content\/uploads\/2021\/05\/MG_1484-1-1024x1024.jpg\" alt=\"\" class=\"wp-image-317\" style=\"width:861px;height:861px\" srcset=\"https:\/\/www.jago.fr\/atelier-peinture\/wp-content\/uploads\/2021\/05\/MG_1484-1-1024x1024.jpg 1024w, https:\/\/www.jago.fr\/atelier-peinture\/wp-content\/uploads\/2021\/05\/MG_1484-1-300x300.jpg 300w, https:\/\/www.jago.fr\/atelier-peinture\/wp-content\/uploads\/2021\/05\/MG_1484-1-150x150.jpg 150w, https:\/\/www.jago.fr\/atelier-peinture\/wp-content\/uploads\/2021\/05\/MG_1484-1-768x768.jpg 768w, https:\/\/www.jago.fr\/atelier-peinture\/wp-content\/uploads\/2021\/05\/MG_1484-1-1536x1536.jpg 1536w, https:\/\/www.jago.fr\/atelier-peinture\/wp-content\/uploads\/2021\/05\/MG_1484-1-2048x2048.jpg 2048w\" sizes=\"(max-width: 1024px) 100vw, 1024px\" \/><figcaption class=\"wp-element-caption\">Avant le D\u00e9but &#8211; Huile \/ toile 80&#215;80 cm VENDU<\/figcaption><\/figure><\/div>\n\n<div class=\"wp-block-image\">\n<figure class=\"aligncenter size-large is-resized\"><img loading=\"lazy\" decoding=\"async\" width=\"1024\" height=\"1024\" src=\"https:\/\/www.jago.fr\/atelier-peinture\/wp-content\/uploads\/2021\/05\/galax-1024x1024.jpg\" alt=\"\" class=\"wp-image-349\" style=\"width:858px;height:858px\" srcset=\"https:\/\/www.jago.fr\/atelier-peinture\/wp-content\/uploads\/2021\/05\/galax-1024x1024.jpg 1024w, https:\/\/www.jago.fr\/atelier-peinture\/wp-content\/uploads\/2021\/05\/galax-300x300.jpg 300w, https:\/\/www.jago.fr\/atelier-peinture\/wp-content\/uploads\/2021\/05\/galax-150x150.jpg 150w, https:\/\/www.jago.fr\/atelier-peinture\/wp-content\/uploads\/2021\/05\/galax-768x768.jpg 768w, https:\/\/www.jago.fr\/atelier-peinture\/wp-content\/uploads\/2021\/05\/galax-1536x1536.jpg 1536w, https:\/\/www.jago.fr\/atelier-peinture\/wp-content\/uploads\/2021\/05\/galax-2048x2048.jpg 2048w\" sizes=\"(max-width: 1024px) 100vw, 1024px\" \/><figcaption class=\"wp-element-caption\">la fabrique des Galaxies  Huile \/ toile \/ 80&#215;80  cm \/ <strong>VENDU<\/strong> <\/figcaption><\/figure><\/div>\n\n\n<p><\/p>\n","protected":false},"excerpt":{"rendered":"<p>Le temps a suspendu son vol. M\u00eame dans la campagne, m\u00eame dans les Ardennes. Ils ont dit : Pand\u00e9mie ! Tout est coinc\u00e9 dehors, dedans aussi. De l&rsquo;air\u00a0! De l&rsquo;air\u00a0! Pand\u00e9mie ! Trouver un passage. Faire silence, cesser les bavardages st\u00e9riles, inutiles, vides de sens. Trouver un passage. Confinement ! Des Sentiers s&rsquo;ouvrent. Qui ne [&hellip;]<\/p>\n","protected":false},"author":1,"featured_media":0,"parent":0,"menu_order":0,"comment_status":"closed","ping_status":"closed","template":"","meta":{"footnotes":""},"jetpack_sharing_enabled":true,"_links":{"self":[{"href":"https:\/\/www.jago.fr\/atelier-peinture\/wp-json\/wp\/v2\/pages\/310"}],"collection":[{"href":"https:\/\/www.jago.fr\/atelier-peinture\/wp-json\/wp\/v2\/pages"}],"about":[{"href":"https:\/\/www.jago.fr\/atelier-peinture\/wp-json\/wp\/v2\/types\/page"}],"author":[{"embeddable":true,"href":"https:\/\/www.jago.fr\/atelier-peinture\/wp-json\/wp\/v2\/users\/1"}],"replies":[{"embeddable":true,"href":"https:\/\/www.jago.fr\/atelier-peinture\/wp-json\/wp\/v2\/comments?post=310"}],"version-history":[{"count":23,"href":"https:\/\/www.jago.fr\/atelier-peinture\/wp-json\/wp\/v2\/pages\/310\/revisions"}],"predecessor-version":[{"id":425,"href":"https:\/\/www.jago.fr\/atelier-peinture\/wp-json\/wp\/v2\/pages\/310\/revisions\/425"}],"wp:attachment":[{"href":"https:\/\/www.jago.fr\/atelier-peinture\/wp-json\/wp\/v2\/media?parent=310"}],"curies":[{"name":"wp","href":"https:\/\/api.w.org\/{rel}","templated":true}]}}