{"id":219,"date":"2018-01-31T20:52:56","date_gmt":"2018-01-31T19:52:56","guid":{"rendered":"https:\/\/www.jago.fr\/petites-mains\/?page_id=219"},"modified":"2021-12-13T16:12:59","modified_gmt":"2021-12-13T15:12:59","slug":"formations","status":"publish","type":"page","link":"https:\/\/www.jago.fr\/petites-mains\/index.php\/formations\/","title":{"rendered":"Formations"},"content":{"rendered":"<table style=\"height: 335px; width: 100.142%; border-collapse: collapse; border-color: #5be3c1;\" border=\"1\">\n<tbody>\n<tr>\n<td style=\"width: 50%;\">\n<ul>\n<li><span style=\"font-family: arial, helvetica, sans-serif; font-size: 8pt;\"><span style=\"color: #000000;\"><strong><span style=\"font-size: 10pt;\">2015\/2016 Massage AMATIS Grenoble<\/span><br \/>\n<\/strong><span style=\"font-size: 10pt;\"><a href=\"http:\/\/www.massage-amatis.com\/\">http:\/\/www.massage-amatis.com\/<\/a><\/span><\/span><\/span><\/li>\n<li><span style=\"font-size: 10pt;\"><span style=\"font-family: arial, helvetica, sans-serif;\"><span style=\"color: #000000;\"><strong>2015 Formation magn\u00e9tisme<\/strong><br \/>\n<\/span><\/span><a href=\"https:\/\/www.magnetiseurgroup.com\/blog\/\"><span style=\"color: #000000; font-family: arial, helvetica, sans-serif;\">https:\/\/www.magnetiseurgroup.com\/blog\/<\/span><\/a><\/span><\/li>\n<li><span style=\"font-family: arial, helvetica, sans-serif; font-size: 10pt;\"><strong><span style=\"color: #000000;\">2016 Stage avec C. Hi\u00e9ronimus<\/span><\/strong><span style=\"color: #000000;\">\u00a0<\/span><strong><span style=\"color: #000000;\"><br \/>\n<\/span><\/strong><span style=\"color: #000000;\">(un toucher conscient et cr\u00e9atif),<br \/>\n<\/span><a href=\"http:\/\/www.christian-hieronimus.fr\/\"><span style=\"color: #000000;\">http:\/\/www.christian-hieronimus.fr\/<\/span><\/a><\/span><\/li>\n<li><span style=\"font-family: arial, helvetica, sans-serif; font-size: 10pt;\"><strong><span style=\"color: #000000;\">2017 Stage avec C. Hi\u00e9ronimus <\/span><\/strong><span style=\"color: #000000;\">(Personnages int\u00e9rieurs),<\/span><\/span><\/li>\n<li><span style=\"font-family: arial, helvetica, sans-serif; font-size: 10pt;\"><strong><span style=\"color: #000000;\">2017 formation EFT <\/span><\/strong><span style=\"color: #000000;\">1er module.<\/span><strong><span style=\"color: #000000;\"><br \/>\n<\/span><\/strong><\/span><\/li>\n<li><span style=\"font-family: arial, helvetica, sans-serif; font-size: 10pt;\"><strong><span style=\"color: #000000;\">2018 Massage AMMA\u00a0<\/span><span style=\"color: #000000;\">Assis<br \/>\n<\/span><\/strong><a href=\"https:\/\/www.xaviercourt.com\/l-ecole-de-xavier-court\"><span style=\"color: #000000;\">https:\/\/www.xaviercourt.com\/l-ecole-de-xavier-court<\/span><\/a><\/span><\/li>\n<li><span style=\"font-family: arial, helvetica, sans-serif; font-size: 10pt;\"><strong><span style=\"color: #000000;\">2021 Modelage Pierres Chaudes\u00a0 \u00a0 \u00a0 \u00a0 \u00a0 \u00a0 \u00a0 <\/span><\/strong><span style=\"color: #000000;\"><a href=\"http:\/\/www.formation-massage.com\/formation-massage-lyon.php\">http:\/\/www.formation-massage.com\/formation-massage-lyon.php<\/a>\u00a0<\/span><\/span><\/li>\n<\/ul>\n<\/td>\n<td style=\"width: 50%;\"><img loading=\"lazy\" decoding=\"async\" class=\"aligncenter size-full wp-image-348\" src=\"https:\/\/www.jago.fr\/petites-mains\/wp-content\/uploads\/2018\/08\/amma-400-300.jpg\" alt=\"\" width=\"400\" height=\"533\" srcset=\"https:\/\/www.jago.fr\/petites-mains\/wp-content\/uploads\/2018\/08\/amma-400-300.jpg 400w, https:\/\/www.jago.fr\/petites-mains\/wp-content\/uploads\/2018\/08\/amma-400-300-225x300.jpg 225w, https:\/\/www.jago.fr\/petites-mains\/wp-content\/uploads\/2018\/08\/amma-400-300-203x270.jpg 203w\" sizes=\"auto, (max-width: 400px) 100vw, 400px\" \/><\/td>\n<\/tr>\n<\/tbody>\n<\/table>\n<p><span style=\"font-family: georgia, palatino, serif;\">C&rsquo;est en premier lieu mon propre parcours qui m&rsquo;a a<\/span>men\u00e9 au massage et qui m&rsquo;a fait d\u00e9couvrir que, ce qui ne peut se dire avec des mots,\u00a0peut s\u2019exprimer avec le corps.<\/p>\n<p>J&rsquo;ai donc naturellement choisi un massage psycho-corporel qui allie technique et relation. <strong>Le massage<\/strong> <strong>AMATIS<\/strong> est une\u00a0synth\u00e8se du massage <strong>californien<\/strong>, <strong>sensitif et cor\u00e9en<\/strong> (200 hs).<\/p>\n<p>La technique acquise, je suis all\u00e9e chercher des personnes ayant le <strong>sens du toucher<\/strong> et sachant en parler. J&rsquo;ai alors suivi plusieurs ateliers avec Christian Hi\u00e9ronimus cr\u00e9ateur et animateur de sessions autour du toucher conscient, <strong>sp\u00e9cialiste certifi\u00e9 en techniques du toucher<\/strong>, conf\u00e9rencier et auteur de plusieurs livres sur ce th\u00e8me.<\/p>\n<p>Ce texte d&rsquo;Andr\u00e9e Laurent traite magnifiquement d&rsquo;un stage de C. Hieronimus, formateur en relations humaines :<\/p>\n<p>\u00ab\u00a0Quand il parle du toucher, Christian Hi\u00e9ronimus a les mots du chercheur spirituel. Tout un chemin s\u2019ouvre, vers plus de conscience, plus d\u2019humanit\u00e9. Il a aussi les mots de l\u2019artiste, du musicien, pour \u00e9voquer ce qui se passe lorsqu\u2019il aborde un corps. Il sait aussi que \u00ab toucher \u00bb a bien deux sens et qu\u2019ici, \u00eatre touch\u00e9 physiquement r\u00e9veille les \u00e9motions : ne dit-on pas touch\u00e9 par la beaut\u00e9, touch\u00e9 par la cruaut\u00e9 ? Le corps est l\u2019acc\u00e8s direct \u00e0 ces blessures de chaque vie, il en est le d\u00e9positaire, chaque \u00e9motion a nou\u00e9 en lui une zone dans laquelle se sont solidifi\u00e9s, nos chagrins, nos col\u00e8res, nos hontes. Toucher ces zones, c\u2019est d\u2019abord les respecter et ne s\u2019y aventurer que si l\u2019on y est autoris\u00e9. Toucher, c\u2019est parfois savoir ne pas toucher. C\u2019est aussi sentir l\u2019autorisation donn\u00e9e et partir \u00e0 l\u2019aventure.\u00a0\u00bb<\/p>\n<p>Je participe \u00e9galement r\u00e9guli\u00e8rement \u00e0 des ateliers massages qui me permettent d&rsquo;appr\u00e9hender d&rsquo;autres ressentis, d&rsquo;autres mains, d&rsquo;autres techniques&#8230;<\/p>\n","protected":false},"excerpt":{"rendered":"<p><\/p>\n","protected":false},"author":1,"featured_media":0,"parent":0,"menu_order":0,"comment_status":"closed","ping_status":"closed","template":"","meta":{"footnotes":""},"class_list":["post-219","page","type-page","status-publish","hentry"],"_links":{"self":[{"href":"https:\/\/www.jago.fr\/petites-mains\/index.php\/wp-json\/wp\/v2\/pages\/219","targetHints":{"allow":["GET"]}}],"collection":[{"href":"https:\/\/www.jago.fr\/petites-mains\/index.php\/wp-json\/wp\/v2\/pages"}],"about":[{"href":"https:\/\/www.jago.fr\/petites-mains\/index.php\/wp-json\/wp\/v2\/types\/page"}],"author":[{"embeddable":true,"href":"https:\/\/www.jago.fr\/petites-mains\/index.php\/wp-json\/wp\/v2\/users\/1"}],"replies":[{"embeddable":true,"href":"https:\/\/www.jago.fr\/petites-mains\/index.php\/wp-json\/wp\/v2\/comments?post=219"}],"version-history":[{"count":35,"href":"https:\/\/www.jago.fr\/petites-mains\/index.php\/wp-json\/wp\/v2\/pages\/219\/revisions"}],"predecessor-version":[{"id":745,"href":"https:\/\/www.jago.fr\/petites-mains\/index.php\/wp-json\/wp\/v2\/pages\/219\/revisions\/745"}],"wp:attachment":[{"href":"https:\/\/www.jago.fr\/petites-mains\/index.php\/wp-json\/wp\/v2\/media?parent=219"}],"curies":[{"name":"wp","href":"https:\/\/api.w.org\/{rel}","templated":true}]}}