{"id":284,"date":"2018-02-20T16:45:12","date_gmt":"2018-02-20T15:45:12","guid":{"rendered":"https:\/\/www.jago.fr\/petites-mains\/?p=284"},"modified":"2020-06-10T21:24:34","modified_gmt":"2020-06-10T19:24:34","slug":"etudes-sur-le-toucher","status":"publish","type":"page","link":"https:\/\/www.jago.fr\/petites-mains\/index.php\/etudes-sur-le-toucher\/","title":{"rendered":"Etudes sur le toucher"},"content":{"rendered":"<h2><i>Toucher et connaissance : l&rsquo;\u00e9tranget\u00e9 des choses et la dialectique de la surface et de la profondeur<\/i><i><a title=\"_Toc189370822\" name=\"_Toc189370822\"><\/a><\/i><i><\/i><\/h2>\n<p><em style=\"font-size: 12px;\">Texte tir\u00e9 de\u00a0http:\/\/www.corinna-coulmas.eu\/le-toucher.html#_Toc191900467<\/em><\/p>\n<p><i>\u00a0\u00a0\u00a0\u00a0\u00a0\u00a0\u00a0\u00ab\u00a0Psych\u00e9 est \u00e9tendue, mais elle ne le sait pas.\u00a0\u00bb<\/i>\u00a0(Freud)<br \/>\nDans l&rsquo;exp\u00e9rience tactile primaire du b\u00e9b\u00e9 au cours de son corps \u00e0 corps avec la m\u00e8re, les ordres de r\u00e9alit\u00e9s restent confondus. Le nourrisson n&rsquo;a pas la notion des limites du moi, ni celle du temps ou de l&rsquo;espace. Ses premi\u00e8res informations lui viennent du toucher, qui introduit la notion de \u00ab\u00a0fronti\u00e8res\u00a0\u00bb. Ici c&rsquo;est moi, et l\u00e0, autre chose ; ou quelqu&rsquo;un d&rsquo;autre. L&rsquo;espace na\u00eet de cette exp\u00e9rience, et avec lui, la possibilit\u00e9 d&rsquo;un ordre, d&rsquo;un \u00e9quilibre, d&rsquo;un\u00a0<i>cosmos.\u00a0<\/i>Le temps en na\u00eet aussi, il y a alternance entre la pr\u00e9sence et l&rsquo;absence, il y a un mouvement qui provoque une sensation et qui s&rsquo;arr\u00eate. Et il y a des choses et des \u00eatres qui\u00a0<i>prennent forme<\/i>\u00a0\u00e0 travers le toucher : le monde devient plastique. Le toucher d\u00e9limite l&rsquo;espace, diff\u00e9rencie le chaos initial, \u00e9bauche et plus tard garantit l&rsquo;existence de l&rsquo;individu.<\/p>\n<p>L&rsquo;exp\u00e9rience premi\u00e8re qui est d\u00e9crite ici est double. L&rsquo;enfant qui touche son corps avec ses mains en m\u00eame temps que d&rsquo;autres corps et choses, sent \u00e0 la fois qu&rsquo;il est celui qui touche et, de fa\u00e7on compl\u00e9mentaire et contradictoire, celui qui est touch\u00e9. Le tactile fournit ainsi une perception \u00ab\u00a0externe\u00a0\u00bb et une perception \u00ab\u00a0interne\u00a0\u00bb. La r\u00e9flexivit\u00e9 inh\u00e9rente \u00e0 ce sens servira de mod\u00e8le \u00e0 toutes les autres r\u00e9flexivit\u00e9s sensorielles (s&rsquo;entendre \u00e9mettre un son, se voir dans une glace et se regarder faire, humer sa propre odeur). Celles-ci, \u00e0 leur tour, engendreront la r\u00e9flexivit\u00e9 de la pens\u00e9e. C&rsquo;est un principe fondamental formul\u00e9 par Freud, mais pressenti depuis bien plus longtemps : tout ce qui est psychique, que ce soit du domaine des sentiments ou de l&rsquo;esprit, se d\u00e9veloppe en constante r\u00e9f\u00e9rence \u00e0 l&rsquo;exp\u00e9rience corporelle.<\/p>\n<p>Ainsi, les premi\u00e8res d\u00e9couvertes et les premiers \u00e9changes, la toute premi\u00e8re communication s&rsquo;effectuent par le toucher, le sens primaire. Ceci vaut aussi, un peu plus tard, pour les premiers interdits et les premiers conflits. Au cours des explorations infantiles viendra in\u00e9luctablement le \u00ab\u00a0ne touche pas&#8230;\u00a0\u00bb Ne touche pas \u00e0 ce qui peut te faire du mal. Ne touche pas ce que tu pourrais casser. Ne heurte pas brutalement quelqu&rsquo;un d&rsquo;autre.\u00a0Le toucher est \u00e9galement impliqu\u00e9 dans les premi\u00e8res frustrations dont r\u00e9sultent les premi\u00e8res col\u00e8res\u00a0: tendre sa main vers ce que l&rsquo;oeil voit et ne pas l&rsquo;obtenir ; tendre les bras vers la m\u00e8re pour \u00eatre pris, alors qu&rsquo;elle en a d\u00e9cid\u00e9 autrement et laisse le b\u00e9b\u00e9 au lit.\u00a0 L&rsquo;exp\u00e9rience du d\u00e9sir inassouvi se joue d&rsquo;abord, la faim mise \u00e0 part, dans le registre tactile.<\/p>\n<p>Les premi\u00e8res choses auxquelles nous touchons &#8211; le sein de la m\u00e8re, les couvertures du berceau, l&rsquo;eau du bain &#8211; sont douces et chaudes. Toute notre vie, nous gardons une nostalgie secr\u00e8te de ces deux qualit\u00e9s. D&rsquo;o\u00f9 le lit comme dernier refuge quand \u00e7a va mal. Le dur, le froid, le pointu, le rugueux, le coupant t\u00e9moignent de l&rsquo;hostilit\u00e9 des choses et d\u00e9limitent le familier et l&rsquo;\u00e9tranger. L&rsquo;espace est ainsi partag\u00e9 en deux portions, le connu et l&rsquo;inconnu. Nous l&rsquo;explorons progressivement, en mouvements circulaires qui nous ram\u00e8nent toujours \u00e0 notre point de d\u00e9part : \u00e0 nous-m\u00eames, centre de l&rsquo;exp\u00e9rience. Le\u00a0<i>toucher<\/i>\u00a0est<i>\u00a0topographique.\u00a0<\/i><\/p>\n<p>Comme le Moi psychique se constitue en appui sur les exp\u00e9riences corporelles, il n&rsquo;est pas \u00e9tonnant que toute notre imagination rev\u00eate une organisation spatiale. Pour pouvoir penser, nous avons besoin de spatialiser (&#8230;)<\/p>\n<p>Ainsi, l&rsquo;organisation topographique du toucher comme exp\u00e9rience primaire d\u00e9signe \u00e0 notre imagination une s\u00e9rie d&rsquo;oppositions que nous appliquons invariablement aux r\u00e9alit\u00e9s physiques et psychiques. Celles qui nous int\u00e9ressent plus sp\u00e9cialement ici sont les notions d&rsquo;<i>ext\u00e9rieur\u00a0<\/i>et d&rsquo;<i>int\u00e9rieur\u00a0<\/i>; de\u00a0<i>p\u00e9riph\u00e9rie<\/i>\u00a0et de\u00a0<i>centre<\/i>\u00a0 ; de\u00a0<i>surface<\/i>\u00a0et de\u00a0<i>profondeur\u00a0<\/i>; et, sur un plan figuratif, d&rsquo;<i>\u00e9corce<\/i>\u00a0et de\u00a0<i>noyau<\/i>. (&#8230;)<\/p>\n<div align=\"justify\">\n<\/div>\n","protected":false},"excerpt":{"rendered":"<h2><i>Toucher et connaissance : l&rsquo;\u00e9tranget\u00e9 des choses et la dialectique de la surface et de la profondeur<\/i><i><a title=\"_Toc189370822\" name=\"_Toc189370822\"><\/a><\/i><i><\/i><\/h2>\n<p><em style=\"font-size: 12px;\">Texte tir\u00e9 de\u00a0http:\/\/www.corinna-coulmas.eu\/le-toucher.html#_Toc191900467<\/em><i>\u00a0\u00a0\u00a0\u00a0\u00a0\u00a0\u00a0\u00ab\u00a0Psych\u00e9 est \u00e9tendue, mais elle ne le sait pas.\u00a0\u00bb<\/i>\u00a0(Freud)<\/p>\n","protected":false},"author":1,"featured_media":0,"parent":0,"menu_order":0,"comment_status":"closed","ping_status":"open","template":"","meta":{"footnotes":""},"class_list":["post-284","page","type-page","status-publish","hentry"],"_links":{"self":[{"href":"https:\/\/www.jago.fr\/petites-mains\/index.php\/wp-json\/wp\/v2\/pages\/284","targetHints":{"allow":["GET"]}}],"collection":[{"href":"https:\/\/www.jago.fr\/petites-mains\/index.php\/wp-json\/wp\/v2\/pages"}],"about":[{"href":"https:\/\/www.jago.fr\/petites-mains\/index.php\/wp-json\/wp\/v2\/types\/page"}],"author":[{"embeddable":true,"href":"https:\/\/www.jago.fr\/petites-mains\/index.php\/wp-json\/wp\/v2\/users\/1"}],"replies":[{"embeddable":true,"href":"https:\/\/www.jago.fr\/petites-mains\/index.php\/wp-json\/wp\/v2\/comments?post=284"}],"version-history":[{"count":9,"href":"https:\/\/www.jago.fr\/petites-mains\/index.php\/wp-json\/wp\/v2\/pages\/284\/revisions"}],"predecessor-version":[{"id":593,"href":"https:\/\/www.jago.fr\/petites-mains\/index.php\/wp-json\/wp\/v2\/pages\/284\/revisions\/593"}],"wp:attachment":[{"href":"https:\/\/www.jago.fr\/petites-mains\/index.php\/wp-json\/wp\/v2\/media?parent=284"}],"curies":[{"name":"wp","href":"https:\/\/api.w.org\/{rel}","templated":true}]}}