{"id":579,"date":"2020-06-10T21:17:15","date_gmt":"2020-06-10T19:17:15","guid":{"rendered":"https:\/\/www.jago.fr\/petites-mains\/?page_id=579"},"modified":"2020-06-10T21:17:15","modified_gmt":"2020-06-10T19:17:15","slug":"la-peau","status":"publish","type":"page","link":"https:\/\/www.jago.fr\/petites-mains\/index.php\/la-peau\/","title":{"rendered":"La Peau"},"content":{"rendered":"<table style=\"width: 99.3281%; border-collapse: collapse; background-color: #86bcbf; height: 285px;\" border=\"1\">\n<tbody>\n<tr>\n<td style=\"width: 43.7411%;\"><img loading=\"lazy\" decoding=\"async\" class=\"wp-image-92 aligncenter\" src=\"https:\/\/www.jago.fr\/petites-mains\/wp-content\/uploads\/2016\/05\/2016-05-27-13.24.31-300x286.jpg\" alt=\"2016-05-27 13.24.31\" width=\"296\" height=\"283\" srcset=\"https:\/\/www.jago.fr\/petites-mains\/wp-content\/uploads\/2016\/05\/2016-05-27-13.24.31-300x286.jpg 300w, https:\/\/www.jago.fr\/petites-mains\/wp-content\/uploads\/2016\/05\/2016-05-27-13.24.31.jpg 734w\" sizes=\"auto, (max-width: 296px) 100vw, 296px\" \/><\/td>\n<td style=\"width: 48.9202%; text-align: left;\">1) Terminaison nerveuse sensible \u00e0 la douleur<br>2) Terminaison nerveuse sensible \u00e0 la pression<br>3) Terminaison nerveuse sensible au contact<br>4) Terminaison nerveuse sensible au froid<br>5) Terminaison nerveuse sensible \u00e0 la chaleur<\/td>\n<\/tr>\n<\/tbody>\n<\/table>\n<p>La peau est un magnifique organe sensoriel. Elle repr\u00e9sente 18% du poids du corps et ses fonctions physiologiques essentielles au bon fonctionnement de l&rsquo;organisme sont multiples. Toutes ses fibres nerveuses se terminent par des corpuscules sensitifs de nature diff\u00e9rente, chacun \u00e9tant attach\u00e9 \u00e0 un type de perception pr\u00e9cis : sensibilit\u00e9 au contact, \u00e0 la pression, \u00e0 la douleur, \u00e0 la temp\u00e9rature. La densit\u00e9 de ces r\u00e9cepteurs varie beaucoup d&rsquo;un territoire \u00e0 l&rsquo;autre. Le visage et les extr\u00e9mit\u00e9s sont tr\u00e8s richement innerv\u00e9es&#8230;. il y a 2500 r\u00e9cepteurs par cm2 rien qu&rsquo;au niveau de la pulpe des doigts.<\/p>\n<p>Vibration, pression, toucher&#8230;autant de stimulations que les r\u00e9cepteurs de la peau captent et v\u00e9hiculent \u00e0 travers un r\u00e9seau de fibres jusqu&rsquo;au cerveau sous la forme d&rsquo;influx nerveux. Des messages se forment alors pour laisser \u00e9merger une sensation. Les r\u00e9cepteurs cutan\u00e9s prennent la forme de terminaisons nerveuses encapsul\u00e9es comme les corpuscules de Meissner, de Pacini et de Ruffini ou de terminaisons nerveuses libres dont certaines, associ\u00e9s aux cellules de Merkel , arrivent jusqu&rsquo;\u00e0 l&rsquo;\u00e9piderme.<\/p>\n<p>\u00ab\u00a0Tout contact physique influe sur le fonctionnement de l&rsquo;organisme\u00a0\u00bb<em>. Ashley Montagu dans son livre remarquablement document\u00e9, La peau et le Toucher, met bien en \u00e9vidence l&rsquo;importance des contacts corporels chez l&rsquo;\u00eatre humain comme chez les autres mammif\u00e8res. Didier Anzieu lie le sentiment d&rsquo;une int\u00e9grit\u00e9 personnelle, la fonction de d\u00e9fense du Moi aux contacts corporels re\u00e7us dans l&rsquo;enfance.<\/em><\/p>\n\n","protected":false},"excerpt":{"rendered":"<p><\/p>\n","protected":false},"author":1,"featured_media":0,"parent":0,"menu_order":0,"comment_status":"closed","ping_status":"closed","template":"","meta":{"footnotes":""},"class_list":["post-579","page","type-page","status-publish","hentry"],"_links":{"self":[{"href":"https:\/\/www.jago.fr\/petites-mains\/index.php\/wp-json\/wp\/v2\/pages\/579","targetHints":{"allow":["GET"]}}],"collection":[{"href":"https:\/\/www.jago.fr\/petites-mains\/index.php\/wp-json\/wp\/v2\/pages"}],"about":[{"href":"https:\/\/www.jago.fr\/petites-mains\/index.php\/wp-json\/wp\/v2\/types\/page"}],"author":[{"embeddable":true,"href":"https:\/\/www.jago.fr\/petites-mains\/index.php\/wp-json\/wp\/v2\/users\/1"}],"replies":[{"embeddable":true,"href":"https:\/\/www.jago.fr\/petites-mains\/index.php\/wp-json\/wp\/v2\/comments?post=579"}],"version-history":[{"count":1,"href":"https:\/\/www.jago.fr\/petites-mains\/index.php\/wp-json\/wp\/v2\/pages\/579\/revisions"}],"predecessor-version":[{"id":589,"href":"https:\/\/www.jago.fr\/petites-mains\/index.php\/wp-json\/wp\/v2\/pages\/579\/revisions\/589"}],"wp:attachment":[{"href":"https:\/\/www.jago.fr\/petites-mains\/index.php\/wp-json\/wp\/v2\/media?parent=579"}],"curies":[{"name":"wp","href":"https:\/\/api.w.org\/{rel}","templated":true}]}}