{"id":595,"date":"2020-06-13T09:56:47","date_gmt":"2020-06-13T07:56:47","guid":{"rendered":"https:\/\/www.jago.fr\/petites-mains\/?page_id=595"},"modified":"2020-06-13T09:56:47","modified_gmt":"2020-06-13T07:56:47","slug":"lacher-prise","status":"publish","type":"page","link":"https:\/\/www.jago.fr\/petites-mains\/index.php\/lacher-prise\/","title":{"rendered":"L\u00e2cher prise"},"content":{"rendered":"\n<h2 style=\"text-align: center;\">\u00a0<\/h2>\n<p style=\"text-align: center;\"><em style=\"line-height: 1.5;\"><span style=\"color: #000000;\">N\u00e9e dans les montagnes lointaines, une rivi\u00e8re s\u2019\u00e9loigna de sa source, traversa maintes contr\u00e9es, pour atteindre enfin les sables du d\u00e9sert.<br \/>Elle avait franchi tous les obstacles : elle tenta de franchir celui-l\u00e0. Mais \u00e0 mesure qu\u2019elle coulait dans le sable, ses eaux disparaissaient.<\/span><\/em><em><span style=\"color: #000000;\"><img loading=\"lazy\" decoding=\"async\" class=\"wp-image-187 aligncenter\" src=\"https:\/\/www.jago.fr\/petites-mains\/wp-content\/uploads\/2018\/01\/desert-1270345__340-300x200.jpg\" alt=\"\" width=\"385\" height=\"257\" srcset=\"https:\/\/www.jago.fr\/petites-mains\/wp-content\/uploads\/2018\/01\/desert-1270345__340-300x200.jpg 300w, https:\/\/www.jago.fr\/petites-mains\/wp-content\/uploads\/2018\/01\/desert-1270345__340-404x270.jpg 404w, https:\/\/www.jago.fr\/petites-mains\/wp-content\/uploads\/2018\/01\/desert-1270345__340.jpg 509w\" sizes=\"auto, (max-width: 385px) 100vw, 385px\" \/><\/span><\/em><\/p>\n<div class=\"p402_premium\">\n<p style=\"text-align: center;\"><em><span style=\"color: #000000;\">Elle le savait pourtant : traverser le d\u00e9sert <\/span><\/em><em><span style=\"color: #000000;\">\u00e9<\/span><\/em><em><span style=\"color: #000000;\">tait sa destin\u00e9e. M\u00eame si cela semblait impossible. C\u2019est alors qu\u2019une voix inconnue, comme venant du d\u00e9sert, se mit \u00e0 <\/span><\/em><em><span style=\"color: #000000;\">murmurer<\/span><\/em><\/p>\n<p style=\"text-align: center;\"><em><span style=\"color: #000000;\">\u00ab Le vent traverse l\u2019oc\u00e9an de sable, la rivi\u00e8re peut en faire autant. \u00bb<\/span><\/em><\/p>\n<p style=\"text-align: center;\"><em><span style=\"color: #000000;\">\u00a0\u00a0 La rivi\u00e8re objecta qu\u2019elle se pr\u00e9cipitait contre le sable, qui l\u2019absorbait aussit\u00f4t : le vent, lui, pouvait voler, et traverser le d\u00e9sert.<\/span><\/em><\/p>\n<p style=\"text-align: center;\"><span style=\"color: #000000;\"><em>\u00a0\u00a0 \u00ab En te jetant de toutes tes forces contre l\u2019obstacle, comme c\u2019est ton<\/em><\/span> <em><span style=\"color: #000000;\">habitude, tu ne <\/span><\/em><span style=\"color: #000000;\"><em>peux traverser. Soit tu dispara\u00eetras tout\u00a0<\/em><\/span><em style=\"line-height: 1.5;\">enti\u00e8re, soit tu deviendras un marais. Le vent te fera passer, laisse-le t\u2019emmener \u00e0 ta destination. \u00bb<\/em><\/p>\n<p style=\"text-align: center;\"><em style=\"line-height: 1.5;\">\u00a0 Comment \u00e9tait-ce possible ?<\/em><\/p>\n<p style=\"text-align: center;\"><em style=\"line-height: 1.5;\">\u00a0 \u00a0\u00ab Laisse-toi absorber par le vent. \u00bb<\/em><\/p>\n<\/div>\n<p style=\"text-align: center;\"><em>\u00a0\u00a0 La rivi\u00e8re trouvait cela inacceptable : apr\u00e8s tout, elle n\u2019avait encore jamais \u00e9t\u00e9 absorb\u00e9e, elle ne voulait pas perdre son individualit\u00e9. Comment \u00eatre s\u00fbre, une fois son individualit\u00e9 perdue, de pouvoir la recouvrer ?<\/em><\/p>\n<p style=\"text-align: center;\"><em>\u00ab Le vent, dit le sable, remplit cette fonction. Il absorbe l\u2019eau, lui fait traverser le d\u00e9sert puis la laisse retomber. L\u2019eau tombe en pluie et redevient rivi\u00e8re.<\/em><\/p>\n<p style=\"text-align: center;\">\u00a0\u00a0<em> \u2013 Comment en \u00eatre s\u00fbre ?<\/em><\/p>\n<p style=\"text-align: center;\"><em>\u00a0\u00a0 \u2013 C\u2019est ainsi. Tout ce que tu peux devenir, si tu ne l\u2019acceptes pas, c\u2019est un bourbier, et m\u00eame cela peut prendre tr\u00e8s longtemps. Et un bourbier, ce n\u2019est pas la m\u00eame chose qu\u2019une rivi\u00e8re\u2026<\/em><\/p>\n<p style=\"text-align: center;\"><em>\u00a0 \u2013 Est-ce que je ne peux pas rester la m\u00eame, rester la rivi\u00e8re que je suis aujourd\u2019hui ?<\/em><\/p>\n<p style=\"text-align: center;\"><em>\u00a0\u00a0 \u2013 De toute fa\u00e7on, tu ne peux rester la m\u00eame, dit le murmure. Ta part essentielle est emport\u00e9e et forme \u00e0 nouveau une rivi\u00e8re. M\u00eame aujourd\u2019hui tu portes ce nom parce que tu ne sais pas quelle part de toi-m\u00eame est la part essentielle. \u00bb<\/em><\/p>\n<p style=\"text-align: center;\"><em>\u00a0\u00a0 Ces paroles \u00e9veill\u00e8rent en elle des r\u00e9sonances. Elle se rappelait vaguement un \u00e9tat o\u00f9 elle, elle, ou une part d\u2019elle-m\u00eame ?, s\u2019\u00e9tait trouv\u00e9e prise dans les bras du vent. Elle se rappelait aussi, ou \u00e9tait-ce ce quelque chose en elle qui se rappelait ?, que c\u2019\u00e9tait cela qu\u2019il fallait faire, m\u00eame si la n\u00e9cessit\u00e9 ne s\u2019en imposait pas.<\/em><\/p>\n<p style=\"text-align: center;\">\u00a0\u00a0 <em>La rivi\u00e8re se leva, vapeur d\u2019eau, jusque dans les bras accueillants du vent, puis s\u2019\u00e9leva l\u00e9g\u00e8re, sans effort, avec lui. Le vent l\u2019emporta \u00e0 mille lieues de l\u00e0 jusqu\u2019au sommet d\u2019une\u00a0<\/em><em>montagne o\u00f9 il la laissa doucement retomber.<\/em><em>\u00a0\u00a0<\/em><\/p>\n<p style=\"text-align: center;\"><em>La rivi\u00e8re, parce qu\u2019elle avait dout\u00e9, fut capable de se rappeler et d\u2019enregistrer avec plus d\u2019acuit\u00e9 le d\u00e9roulement de l\u2019exp\u00e9rience. \u00ab Maintenant, se dit-elle, j\u2019ai appris quelle est ma v\u00e9ritable identit\u00e9. \u00bb<\/em><\/p>\n<p style=\"text-align: center;\"><em>\u00a0\u00a0 La rivi\u00e8re apprenait. Et les sables murmuraient : \u00ab Nous savons, parce que nous voyons cela arriver jour apr\u00e8s jour, et parce que nous nous \u00e9tendons de la rive \u00e0 la montagne. \u00bb<\/em><\/p>\n<p style=\"text-align: center;\">\u00a0<\/p>\n","protected":false},"excerpt":{"rendered":"<p>\u00a0 N\u00e9e dans les montagnes lointaines, une rivi\u00e8re s\u2019\u00e9loigna de sa source, traversa maintes contr\u00e9es, pour atteindre enfin les sables du d\u00e9sert.Elle avait franchi tous les obstacles : elle tenta de franchir celui-l\u00e0. Mais \u00e0 mesure qu\u2019elle coulait dans le sable, ses eaux disparaissaient. Elle le savait pourtant : traverser le d\u00e9sert \u00e9tait sa destin\u00e9e. M\u00eame si cela semblait impossible. C\u2019est alors qu\u2019une voix inconnue, comme venant du d\u00e9sert, se mit \u00e0 murmurer \u00ab Le vent traverse l\u2019oc\u00e9an de sable,&#8230;<\/p>\n<p class=\"read-more\"><a class=\"btn btn-default\" href=\"https:\/\/www.jago.fr\/petites-mains\/index.php\/lacher-prise\/\">Lire la suite<span class=\"screen-reader-text\"> Lire la suite<\/span><\/a><\/p>\n","protected":false},"author":1,"featured_media":0,"parent":0,"menu_order":0,"comment_status":"closed","ping_status":"closed","template":"","meta":{"footnotes":""},"class_list":["post-595","page","type-page","status-publish","hentry"],"_links":{"self":[{"href":"https:\/\/www.jago.fr\/petites-mains\/index.php\/wp-json\/wp\/v2\/pages\/595","targetHints":{"allow":["GET"]}}],"collection":[{"href":"https:\/\/www.jago.fr\/petites-mains\/index.php\/wp-json\/wp\/v2\/pages"}],"about":[{"href":"https:\/\/www.jago.fr\/petites-mains\/index.php\/wp-json\/wp\/v2\/types\/page"}],"author":[{"embeddable":true,"href":"https:\/\/www.jago.fr\/petites-mains\/index.php\/wp-json\/wp\/v2\/users\/1"}],"replies":[{"embeddable":true,"href":"https:\/\/www.jago.fr\/petites-mains\/index.php\/wp-json\/wp\/v2\/comments?post=595"}],"version-history":[{"count":2,"href":"https:\/\/www.jago.fr\/petites-mains\/index.php\/wp-json\/wp\/v2\/pages\/595\/revisions"}],"predecessor-version":[{"id":598,"href":"https:\/\/www.jago.fr\/petites-mains\/index.php\/wp-json\/wp\/v2\/pages\/595\/revisions\/598"}],"wp:attachment":[{"href":"https:\/\/www.jago.fr\/petites-mains\/index.php\/wp-json\/wp\/v2\/media?parent=595"}],"curies":[{"name":"wp","href":"https:\/\/api.w.org\/{rel}","templated":true}]}}