{"id":599,"date":"2020-06-13T09:57:22","date_gmt":"2020-06-13T07:57:22","guid":{"rendered":"https:\/\/www.jago.fr\/petites-mains\/?page_id=599"},"modified":"2020-06-13T09:57:22","modified_gmt":"2020-06-13T07:57:22","slug":"les-graines-de-la-vie","status":"publish","type":"page","link":"https:\/\/www.jago.fr\/petites-mains\/index.php\/les-graines-de-la-vie\/","title":{"rendered":"Les graines de la vie"},"content":{"rendered":"<h2 style=\"text-align: center;\"><\/h2>\n<p><span style=\"font-family: terminal, monaco, monospace;\"><em><span style=\"font-family: georgia, palatino, serif;\">Visitant un pays lointain, un voyageur passa devant une \u00e9choppe sur laquelle \u00e9tait inscrit<br \/>\n<\/span><\/em><\/span><span style=\"font-family: terminal, monaco, monospace;\"><em><span style=\"font-family: georgia, palatino, serif;\">\u00ab\u00a0Boutique du Bon Dieu\u00a0\u00bb\u00a0\u00a0<\/span><\/em><\/span><img loading=\"lazy\" decoding=\"async\" class=\"wp-image-386 aligncenter\" src=\"https:\/\/www.jago.fr\/petites-mains\/wp-content\/uploads\/2018\/08\/pousse.jpg\" alt=\"\" width=\"198\" height=\"229\" srcset=\"https:\/\/www.jago.fr\/petites-mains\/wp-content\/uploads\/2018\/08\/pousse.jpg 3100w, https:\/\/www.jago.fr\/petites-mains\/wp-content\/uploads\/2018\/08\/pousse-259x300.jpg 259w, https:\/\/www.jago.fr\/petites-mains\/wp-content\/uploads\/2018\/08\/pousse-768x888.jpg 768w, https:\/\/www.jago.fr\/petites-mains\/wp-content\/uploads\/2018\/08\/pousse-885x1024.jpg 885w, https:\/\/www.jago.fr\/petites-mains\/wp-content\/uploads\/2018\/08\/pousse-233x270.jpg 233w\" sizes=\"auto, (max-width: 198px) 100vw, 198px\" \/><\/p>\n<p style=\"text-align: left;\"><span style=\"font-family: georgia, palatino, serif;\"><em>Avisant un passant, il lui demanda ce qu\u2019on vendait dans cette boutique.\u00a0<\/em><\/span><\/p>\n<p style=\"text-align: left;\"><span style=\"font-family: georgia, palatino, serif;\"><em>\u00c9tonn\u00e9, le passant lui dit qu\u2019il trouverait Dieu lui-m\u00eame derri\u00e8re le comptoir, qu\u2019il pouvait lui demander tout ce qu\u2019il d\u00e9sirait et que cela lui serait accord\u00e9.\u00a0<\/em><\/span><\/p>\n<p style=\"text-align: left;\"><span style=\"font-family: georgia, palatino, serif;\"><em>Intrigu\u00e9, le voyageur p\u00e9n\u00e9tra dans l\u2019\u00e9choppe. Un homme souriant l\u2019accueillit et lui demanda ce qu\u2019il d\u00e9sirait.\u00a0<\/em><\/span><\/p>\n<p style=\"text-align: left;\"><span style=\"font-family: georgia, palatino, serif;\"><em>On m\u2019a dit, r\u00e9pondit le voyageur, avec un ton dubitatif, que Dieu lui-m\u00eame tenait cette boutique et que je pouvais lui demander tout ce que je d\u00e9sirais.\u00a0<\/em><\/span><\/p>\n<p style=\"text-align: left;\"><span style=\"font-family: georgia, palatino, serif;\"><em>C\u2019est exact, r\u00e9pondit l\u2019homme derri\u00e8re le comptoir.\u00a0 Je suis Dieu.\u00a0 Que d\u00e9sirez-vous ?\u00a0<\/em><\/span><span style=\"font-family: georgia, palatino, serif;\"><em>Quelque peu intimid\u00e9, le voyageur se ressaisit. \u00ab\u00a0Puisque vous me proposez cela, je d\u00e9sirerais, pour moi et pour tous ceux que j\u2019aime, la prosp\u00e9rit\u00e9, le bonheur, la sagesse, la\u2026 \u00bb\u00a0<\/em><\/span><\/p>\n<p style=\"text-align: left;\"><span style=\"font-family: georgia, palatino, serif;\"><em>\u00c0 ce moment, Dieu l\u2019interrompit : \u00ab Ha ! On vous a mal renseign\u00e9 alors. Ce ne sont pas des fruits que je vends, ce sont des graines.\u00a0\u00bb<\/em><\/span><\/p>\n","protected":false},"excerpt":{"rendered":"<p>Visitant un pays lointain, un voyageur passa devant une \u00e9choppe sur laquelle \u00e9tait inscrit \u00ab\u00a0Boutique du Bon Dieu\u00a0\u00bb\u00a0\u00a0 Avisant un passant, il lui demanda ce qu\u2019on vendait dans cette boutique.\u00a0 \u00c9tonn\u00e9, le passant lui dit qu\u2019il trouverait Dieu lui-m\u00eame derri\u00e8re le comptoir, qu\u2019il pouvait lui demander tout ce qu\u2019il d\u00e9sirait et que cela lui serait accord\u00e9.\u00a0 Intrigu\u00e9, le voyageur p\u00e9n\u00e9tra dans l\u2019\u00e9choppe. Un homme souriant l\u2019accueillit et lui demanda ce qu\u2019il d\u00e9sirait.\u00a0 On m\u2019a dit, r\u00e9pondit le voyageur, avec un&#8230;<\/p>\n<p class=\"read-more\"><a class=\"btn btn-default\" href=\"https:\/\/www.jago.fr\/petites-mains\/index.php\/les-graines-de-la-vie\/\">Lire la suite<span class=\"screen-reader-text\"> Lire la suite<\/span><\/a><\/p>\n","protected":false},"author":1,"featured_media":0,"parent":0,"menu_order":0,"comment_status":"closed","ping_status":"closed","template":"","meta":{"footnotes":""},"class_list":["post-599","page","type-page","status-publish","hentry"],"_links":{"self":[{"href":"https:\/\/www.jago.fr\/petites-mains\/index.php\/wp-json\/wp\/v2\/pages\/599","targetHints":{"allow":["GET"]}}],"collection":[{"href":"https:\/\/www.jago.fr\/petites-mains\/index.php\/wp-json\/wp\/v2\/pages"}],"about":[{"href":"https:\/\/www.jago.fr\/petites-mains\/index.php\/wp-json\/wp\/v2\/types\/page"}],"author":[{"embeddable":true,"href":"https:\/\/www.jago.fr\/petites-mains\/index.php\/wp-json\/wp\/v2\/users\/1"}],"replies":[{"embeddable":true,"href":"https:\/\/www.jago.fr\/petites-mains\/index.php\/wp-json\/wp\/v2\/comments?post=599"}],"version-history":[{"count":2,"href":"https:\/\/www.jago.fr\/petites-mains\/index.php\/wp-json\/wp\/v2\/pages\/599\/revisions"}],"predecessor-version":[{"id":603,"href":"https:\/\/www.jago.fr\/petites-mains\/index.php\/wp-json\/wp\/v2\/pages\/599\/revisions\/603"}],"wp:attachment":[{"href":"https:\/\/www.jago.fr\/petites-mains\/index.php\/wp-json\/wp\/v2\/media?parent=599"}],"curies":[{"name":"wp","href":"https:\/\/api.w.org\/{rel}","templated":true}]}}