{"id":65,"date":"2016-05-25T20:28:28","date_gmt":"2016-05-25T18:28:28","guid":{"rendered":"https:\/\/www.jago.fr\/petites-mains\/?page_id=65"},"modified":"2018-08-15T20:35:33","modified_gmt":"2018-08-15T18:35:33","slug":"les-bienfaits-du-toucher","status":"publish","type":"page","link":"https:\/\/www.jago.fr\/petites-mains\/index.php\/les-bienfaits-du-toucher\/","title":{"rendered":"Les bienfaits du toucher"},"content":{"rendered":"<p><strong>Parce qu&rsquo;un massage est efficace sur un plan physique, mental et \u00e9motionnel.<\/strong><\/p>\n<p><img loading=\"lazy\" decoding=\"async\" class=\"alignright wp-image-377\" src=\"https:\/\/www.jago.fr\/petites-mains\/wp-content\/uploads\/2018\/08\/genoux-609x1024.jpg\" alt=\"\" width=\"300\" height=\"504\" srcset=\"https:\/\/www.jago.fr\/petites-mains\/wp-content\/uploads\/2018\/08\/genoux-609x1024.jpg 609w, https:\/\/www.jago.fr\/petites-mains\/wp-content\/uploads\/2018\/08\/genoux-178x300.jpg 178w, https:\/\/www.jago.fr\/petites-mains\/wp-content\/uploads\/2018\/08\/genoux-768x1291.jpg 768w, https:\/\/www.jago.fr\/petites-mains\/wp-content\/uploads\/2018\/08\/genoux-161x270.jpg 161w\" sizes=\"auto, (max-width: 300px) 100vw, 300px\" \/><\/p>\n<p>Abaissement du stress et de l\u2019anxi\u00e9t\u00e9 et de leurs manifestations comportementales et biochimiques, effets positifs sur la croissance, les ondes c\u00e9r\u00e9brales, le rythme cardiaque et m\u00eame le syst\u00e8me immunitaire. Outre le r\u00f4le qui lui est donn\u00e9 de nous prot\u00e9ger, la peau contribue a pr\u00e9venir les maladies en lib\u00e9rant des hormones qui favorisent l\u2019immunit\u00e9.<\/p>\n<p>Qui se pr\u00e9occupe des bienfaits du toucher dans notre soci\u00e9t\u00e9 ? Notre vie tr\u00e9pidante, le virtuel, cet amas d\u2019informations que nous ingurgitons chaque jour nous \u00e9loigne toujours plus de notre corps.<\/p>\n<p>Et pourtant sachant que la peau est l\u2019organe le plus \u00e9tendu et le plus sensible, que la peau et le syst\u00e8me nerveux sont issus de la m\u00eame couche de cellules embryonnaires, que les doigts comme par ailleurs les l\u00e8vres poss\u00e8dent un nombre disproportionn\u00e9 de terminaisons nerveuses connect\u00e9es au cerveau, et que l\u2019on peut consid\u00e9rer la peau comme un syst\u00e8me nerveux externe, pourquoi alors faire fi des bienfaits du toucher.<\/p>\n<p><em>Sommes nous inform\u00e9s que les b\u00e9b\u00e9s recevant un massage sont capables de prendre\u00a047%\u00a0de poids suppl\u00e9mentaire par rapport a un autre groupe n\u2019en ayant pas re\u00e7u ?<\/em><\/p>\n<p><em>Que sur 100 patients qui entrent dans le cabinet du m\u00e9decin 35 cherchent une aide \u00e0 leurs probl\u00e8mes vitaux, en g\u00e9n\u00e9ral de nature \u00e9motionnelle ?<\/em><\/p>\n<p><em>Que les chercheurs O\u2019Neil et Calhoun ont trouv\u00e9 une corr\u00e9lation entre les d\u00e9ficits sensoriels et des caract\u00e8res s\u00e9niles tels que l\u2019irritabilit\u00e9, la perte de m\u00e9moire, la n\u00e9gligence dans la toilette ou les mani\u00e8res \u00e0 table ?<\/em><\/p>\n<p><em>Que nombre d\u2019enfants souffrent d\u2019un retard de croissance s\u2019ils sont priv\u00e9s de contact ?<\/em><\/p>\n<p><em>Que le manque de contact et de mouvement sont les causes fondamentales d\u2019un certain nombre de troubles \u00e9motionnels y compris les comportements d\u00e9pressifs et autistes ?<\/em><\/p>\n<p><em>Et enfin que le toucher peut soulager la douleur. En effet, Melzack et Wall ont formul\u00e9 la th\u00e9orie du contr\u00f4le portail de la douleur pour expliquer pourquoi l\u2019acupuncture, les massages, la friction et d\u2019autres formes de stimulations par pression pouvaient soulager la douleur. Le message de la douleur peut circuler sans interruption, mais si le portail est ferm\u00e9 compl\u00e8tement ou en partie, le message peut \u00eatre interrompu. Les messages issus des fibres nerveuses plus longues et plus isol\u00e9es, comme celles qui transmettent la pression, sont transmis plus rapidement au cerveau que les messages de douleur circulant sur les fibres nerveuses plus courtes et moins isol\u00e9es, ce qui ferme la porte a ces messages de<\/em> <em>douleur plus lents.<\/em><\/p>\n<p><em><strong>Bien que le toucher soit le sens le plus \u00e9tendu, il reste le plus ignor\u00e9 et le plus n\u00e9glig\u00e9 en mati\u00e8re de recherche.<\/strong><\/em><\/p>\n<p>(Tir\u00e9 du livre de Tiffany Field, Les bienfaits du toucher).<\/p>\n<p>Chaque personne \u00e0 quelque chose \u00e0 r\u00e9aliser, une voie \u00e0 suivre et d&rsquo;une certaine mani\u00e8re, ce chemin est pr\u00e9-inscrit dans son corps. \u00a0Ramener la personne \u00e0 la n\u00e9cessit\u00e9 de prendre en compte ce que le corps a \u00e0 lui dire&#8230;<\/p>\n<p>&nbsp;<\/p>\n","protected":false},"excerpt":{"rendered":"<p>Parce qu&rsquo;un massage est efficace sur un plan physique, mental et \u00e9motionnel.<\/p>\n","protected":false},"author":1,"featured_media":0,"parent":0,"menu_order":0,"comment_status":"closed","ping_status":"closed","template":"","meta":{"footnotes":""},"class_list":["post-65","page","type-page","status-publish","hentry"],"_links":{"self":[{"href":"https:\/\/www.jago.fr\/petites-mains\/index.php\/wp-json\/wp\/v2\/pages\/65","targetHints":{"allow":["GET"]}}],"collection":[{"href":"https:\/\/www.jago.fr\/petites-mains\/index.php\/wp-json\/wp\/v2\/pages"}],"about":[{"href":"https:\/\/www.jago.fr\/petites-mains\/index.php\/wp-json\/wp\/v2\/types\/page"}],"author":[{"embeddable":true,"href":"https:\/\/www.jago.fr\/petites-mains\/index.php\/wp-json\/wp\/v2\/users\/1"}],"replies":[{"embeddable":true,"href":"https:\/\/www.jago.fr\/petites-mains\/index.php\/wp-json\/wp\/v2\/comments?post=65"}],"version-history":[{"count":20,"href":"https:\/\/www.jago.fr\/petites-mains\/index.php\/wp-json\/wp\/v2\/pages\/65\/revisions"}],"predecessor-version":[{"id":381,"href":"https:\/\/www.jago.fr\/petites-mains\/index.php\/wp-json\/wp\/v2\/pages\/65\/revisions\/381"}],"wp:attachment":[{"href":"https:\/\/www.jago.fr\/petites-mains\/index.php\/wp-json\/wp\/v2\/media?parent=65"}],"curies":[{"name":"wp","href":"https:\/\/api.w.org\/{rel}","templated":true}]}}