{"id":659,"date":"2021-01-21T14:46:34","date_gmt":"2021-01-21T13:46:34","guid":{"rendered":"https:\/\/www.jago.fr\/petites-mains\/?page_id=659"},"modified":"2021-01-21T14:46:52","modified_gmt":"2021-01-21T13:46:52","slug":"659-2","status":"publish","type":"page","link":"https:\/\/www.jago.fr\/petites-mains\/index.php\/659-2\/","title":{"rendered":"Le Massage AMATIS"},"content":{"rendered":"<p>&nbsp;<\/p>\n<p><em><img loading=\"lazy\" decoding=\"async\" class=\" wp-image-463 alignleft\" src=\"https:\/\/www.jago.fr\/petites-mains\/wp-content\/uploads\/2018\/10\/cabinet-le-gua-400px.jpg\" sizes=\"auto, (max-width: 291px) 100vw, 291px\" srcset=\"https:\/\/www.jago.fr\/petites-mains\/wp-content\/uploads\/2018\/10\/cabinet-le-gua-400px.jpg 416w, https:\/\/www.jago.fr\/petites-mains\/wp-content\/uploads\/2018\/10\/cabinet-le-gua-400px-300x225.jpg 300w, https:\/\/www.jago.fr\/petites-mains\/wp-content\/uploads\/2018\/10\/cabinet-le-gua-400px-360x270.jpg 360w\" alt=\"\" width=\"291\" height=\"219\" \/>\u00ab\u00a0Harmoni<\/em><em>e\u00a0\u00bb<\/em>\u00a0pourrait en \u00eatre le ma\u00eetre mot. \u00a0Le soin est doux, lent, \u00a0enveloppant et adapt\u00e9 \u00e0 vos besoins de relaxation et\/ou de d\u00e9tente de vos tensions. Je per\u00e7ois les n\u0153uds musculaires et les d\u00e9tend, si telle est votre demande. Vous allez ressentir des effleurements, des bercements, avec des mouvements\u00a0 plus en profondeur puis de l\u00e9gers \u00e9tirements.<\/p>\n<p>L\u2019id\u00e9e est de vous aider \u00e0 prendre conscience de votre corps tout en vous apportant une d\u00e9tente profonde, aussi bien musculaire que mentale ou \u00e9motionnelle.<\/p>\n<p>Ce massage \u00e0 pour structure le massage californien parce qu\u2019il fait partie de la famille des soins psycho-corporel. C\u2019est un remarquable alli\u00e9 beaut\u00e9 et bien-\u00eatre auquel il ne faut pas h\u00e9siter \u00e0 avoir recours. Il permet un r\u00e9\u00e9quilibrage corporel. Je le combine \u00e0 de l\u00e9g\u00e8res ondulations, des signaux de bien-\u00eatre sont alors envoy\u00e9s dans l\u2019ensemble du corps. Le corps et le cerveau re\u00e7oivent ainsi un message de d\u00e9tente inconscient qui vous plonge dans une profonde relaxation et vous permet un l\u00e2cher prise. Il lib\u00e8re \u00e9galement les articulations, les muscles et l\u2019esprit.<\/p>\n","protected":false},"excerpt":{"rendered":"<p>&nbsp; \u00ab\u00a0Harmonie\u00a0\u00bb\u00a0pourrait en \u00eatre le ma\u00eetre mot. \u00a0Le soin est doux, lent, \u00a0enveloppant et adapt\u00e9 \u00e0 vos besoins de relaxation et\/ou de d\u00e9tente de vos tensions. Je per\u00e7ois les n\u0153uds musculaires et les d\u00e9tend, si telle est votre demande. Vous allez ressentir des effleurements, des bercements, avec des mouvements\u00a0 plus en profondeur puis de l\u00e9gers \u00e9tirements. L\u2019id\u00e9e est de vous aider \u00e0 prendre conscience de votre corps tout en vous apportant une d\u00e9tente profonde, aussi bien musculaire que mentale ou&#8230;<\/p>\n<p class=\"read-more\"><a class=\"btn btn-default\" href=\"https:\/\/www.jago.fr\/petites-mains\/index.php\/659-2\/\">Lire la suite<span class=\"screen-reader-text\"> Lire la suite<\/span><\/a><\/p>\n","protected":false},"author":1,"featured_media":0,"parent":0,"menu_order":0,"comment_status":"closed","ping_status":"closed","template":"","meta":{"footnotes":""},"class_list":["post-659","page","type-page","status-publish","hentry"],"_links":{"self":[{"href":"https:\/\/www.jago.fr\/petites-mains\/index.php\/wp-json\/wp\/v2\/pages\/659","targetHints":{"allow":["GET"]}}],"collection":[{"href":"https:\/\/www.jago.fr\/petites-mains\/index.php\/wp-json\/wp\/v2\/pages"}],"about":[{"href":"https:\/\/www.jago.fr\/petites-mains\/index.php\/wp-json\/wp\/v2\/types\/page"}],"author":[{"embeddable":true,"href":"https:\/\/www.jago.fr\/petites-mains\/index.php\/wp-json\/wp\/v2\/users\/1"}],"replies":[{"embeddable":true,"href":"https:\/\/www.jago.fr\/petites-mains\/index.php\/wp-json\/wp\/v2\/comments?post=659"}],"version-history":[{"count":2,"href":"https:\/\/www.jago.fr\/petites-mains\/index.php\/wp-json\/wp\/v2\/pages\/659\/revisions"}],"predecessor-version":[{"id":664,"href":"https:\/\/www.jago.fr\/petites-mains\/index.php\/wp-json\/wp\/v2\/pages\/659\/revisions\/664"}],"wp:attachment":[{"href":"https:\/\/www.jago.fr\/petites-mains\/index.php\/wp-json\/wp\/v2\/media?parent=659"}],"curies":[{"name":"wp","href":"https:\/\/api.w.org\/{rel}","templated":true}]}}