{"id":665,"date":"2021-01-21T14:48:38","date_gmt":"2021-01-21T13:48:38","guid":{"rendered":"https:\/\/www.jago.fr\/petites-mains\/?page_id=665"},"modified":"2021-05-18T15:48:09","modified_gmt":"2021-05-18T13:48:09","slug":"le-toucher-therapeutique-ou-relationnel","status":"publish","type":"page","link":"https:\/\/www.jago.fr\/petites-mains\/index.php\/le-toucher-therapeutique-ou-relationnel\/","title":{"rendered":"Le Toucher Relationnel"},"content":{"rendered":"<table border=\"1\">\n<tbody>\n<tr>\n<td><img loading=\"lazy\" decoding=\"async\" class=\"size-full wp-image-502 alignleft\" src=\"https:\/\/www.jago.fr\/petites-mains\/wp-content\/uploads\/2019\/12\/relationel.jpg\" alt=\"\" width=\"200\" height=\"267\" \/>C\u2019est apporter \u00e0 une personne malade ou en manque de communication un soulagement des angoisses par une communication non verbale.Le toucher permet \u00e0 la personne de ressentir son corps et procure un apaisement. Il faut noter que le toucher est l\u2019un des cinq sens le moins impact\u00e9 par le vieillissement.<\/p>\n<p>Tout au long de la vie le toucher est un acte essentiel. Il a un impact tr\u00e8s fort sur la personne \u00e2g\u00e9e.<\/p>\n<p>Le toucher vise \u00e0 d\u00e9tourner l\u2019attention du patient de sa douleur et \u00e0 l\u2019orienter sur une sensation plus positive tout en permettant \u00e9galement de d\u00e9nouer les tensions inconfortables parfois ajout\u00e9es \u00e0 la douleur. Il se doit d\u2019\u00eatre adapt\u00e9 \u00e0 la personne, l\u2019\u00e2ge et la pathologie. (Voir les bienfaits du toucher).<\/td>\n<\/tr>\n<\/tbody>\n<\/table>\n<p>Pour qu\u2019un massage prenne tout son sens, le masseur ne peut se contenter de consid\u00e9rer le mass\u00e9 comme un \u00abobjet \u00bb \u00e0 qui il va offrir de simples comp\u00e9tences techniques. \u00a0<strong>\u00ab\u00a0Massage\u00a0\u00bb implique relation et au-del\u00e0 de la technique, c\u2019est la qualit\u00e9 de cette relation et le degr\u00e9 de perception du masseur qui font la diff\u00e9rence.<\/strong><\/p>\n<p>Je mets en place un cadre qui assure le respect de soi et de l\u2019autre, qui favorise le d\u00e9veloppement des \u00e9nergies positives, et ouvre un espace de libert\u00e9.<\/p>\n<p>Indissociables, le corps et l\u2019esprit sont comme des vases communicants. Il est donc indispensable de maintenir un bon \u00e9quilibre de nos \u00e9nergies, pour notre sant\u00e9 et notre bien-\u00eatre. Plus nous progressons vers la connaissance de nous-m\u00eames, plus nous ressentons et pouvons analyser les \u00e9nergies qui nous entourent.<\/p>\n<p><strong><i><u>Ces massages \u00ab\u00a0bien-\u00eatre\u00a0\u00bb n\u2019incluent aucune prestation \u00e0 caract\u00e8re \u00e9rotique. Il sont aussi \u00e0 distinguer des pratiques m\u00e9dicales ou relevant de la kin\u00e9sith\u00e9rapie.<\/u><\/i><\/strong><\/p>\n","protected":false},"excerpt":{"rendered":"<p>C\u2019est apporter \u00e0 une personne malade ou en manque de communication un soulagement des angoisses par une communication non verbale.Le toucher permet \u00e0 la personne de ressentir son corps et procure un apaisement. Il faut noter que le toucher est l\u2019un des cinq sens le moins impact\u00e9 par le vieillissement. Tout au long de la vie le toucher est un acte essentiel. Il a un impact tr\u00e8s fort sur la personne \u00e2g\u00e9e. Le toucher vise \u00e0 d\u00e9tourner l\u2019attention du patient&#8230;<\/p>\n<p class=\"read-more\"><a class=\"btn btn-default\" href=\"https:\/\/www.jago.fr\/petites-mains\/index.php\/le-toucher-therapeutique-ou-relationnel\/\">Lire la suite<span class=\"screen-reader-text\"> Lire la suite<\/span><\/a><\/p>\n","protected":false},"author":1,"featured_media":0,"parent":0,"menu_order":0,"comment_status":"closed","ping_status":"closed","template":"","meta":{"footnotes":""},"class_list":["post-665","page","type-page","status-publish","hentry"],"_links":{"self":[{"href":"https:\/\/www.jago.fr\/petites-mains\/index.php\/wp-json\/wp\/v2\/pages\/665","targetHints":{"allow":["GET"]}}],"collection":[{"href":"https:\/\/www.jago.fr\/petites-mains\/index.php\/wp-json\/wp\/v2\/pages"}],"about":[{"href":"https:\/\/www.jago.fr\/petites-mains\/index.php\/wp-json\/wp\/v2\/types\/page"}],"author":[{"embeddable":true,"href":"https:\/\/www.jago.fr\/petites-mains\/index.php\/wp-json\/wp\/v2\/users\/1"}],"replies":[{"embeddable":true,"href":"https:\/\/www.jago.fr\/petites-mains\/index.php\/wp-json\/wp\/v2\/comments?post=665"}],"version-history":[{"count":2,"href":"https:\/\/www.jago.fr\/petites-mains\/index.php\/wp-json\/wp\/v2\/pages\/665\/revisions"}],"predecessor-version":[{"id":733,"href":"https:\/\/www.jago.fr\/petites-mains\/index.php\/wp-json\/wp\/v2\/pages\/665\/revisions\/733"}],"wp:attachment":[{"href":"https:\/\/www.jago.fr\/petites-mains\/index.php\/wp-json\/wp\/v2\/media?parent=665"}],"curies":[{"name":"wp","href":"https:\/\/api.w.org\/{rel}","templated":true}]}}