{"id":675,"date":"2021-01-21T14:54:28","date_gmt":"2021-01-21T13:54:28","guid":{"rendered":"https:\/\/www.jago.fr\/petites-mains\/?page_id=675"},"modified":"2021-12-08T17:24:10","modified_gmt":"2021-12-08T16:24:10","slug":"le-massage-aux-pierres-chaudes","status":"publish","type":"page","link":"https:\/\/www.jago.fr\/petites-mains\/index.php\/le-massage-aux-pierres-chaudes\/","title":{"rendered":"Le Massage aux PIERRES CHAUDES\u00a0"},"content":{"rendered":"<table style=\"width: 99.6364%; height: 301px;\" width=\"100%\">\n<tbody>\n<tr>\n<td width=\"100%\"><img loading=\"lazy\" decoding=\"async\" class=\"size-full wp-image-712 alignleft\" src=\"https:\/\/www.jago.fr\/petites-mains\/wp-content\/uploads\/2021\/01\/acore-pour-site-1.jpg\" alt=\"\" width=\"278\" height=\"300\" srcset=\"https:\/\/www.jago.fr\/petites-mains\/wp-content\/uploads\/2021\/01\/acore-pour-site-1.jpg 278w, https:\/\/www.jago.fr\/petites-mains\/wp-content\/uploads\/2021\/01\/acore-pour-site-1-250x270.jpg 250w\" sizes=\"auto, (max-width: 278px) 100vw, 278px\" \/>Tr\u00e8s douces et non poreuses, ces pierres de lave accumulent la chaleur\u00a0 et la diffusent lentement dans le corps. Le massage aux pierres chaudes offre alors <strong>une rencontre privil\u00e9gi\u00e9e avec l\u2019\u00e9nergie terrestre<\/strong>.<\/p>\n<p>J&rsquo;utilise les pierres chaudes pour soulager les tensions des tissus conjonctifs et des muscles.\u00a0 Cette technique est tout \u00e0 fait adapt\u00e9e pour les personnes qui <strong>subissent une forte pression ou souffrent de stress fr\u00e9quent. <\/strong>La p\u00e9n\u00e9tration de la chaleur dans le syst\u00e8me conjonctif stimule la circulation sanguine et am\u00e9liore l&rsquo;apport en oxyg\u00e8ne, ce qui conduit \u00e0 une sensation de grande relaxation.<\/p>\n<p><strong><em>Il n&rsquo;est pas conseill\u00e9 aux personnes souffrant d&rsquo;hypertension, de varices ou d&rsquo;ost\u00e9oporose ainsi que pour les personnes atteintes de diab\u00e8te, de probl\u00e8mes cardiaques et circulatoires ou qui ont \u00e9t\u00e9 op\u00e9r\u00e9es r\u00e9cemment.\u00a0<\/em><\/strong><\/td>\n<\/tr>\n<\/tbody>\n<\/table>\n","protected":false},"excerpt":{"rendered":"<p>Tr\u00e8s douces et non poreuses, ces pierres de lave accumulent la chaleur\u00a0 et la diffusent lentement dans le corps. Le massage aux pierres chaudes offre alors une rencontre privil\u00e9gi\u00e9e avec l\u2019\u00e9nergie terrestre. J&rsquo;utilise les pierres chaudes pour soulager les tensions des tissus conjonctifs et des muscles.\u00a0 Cette technique est tout \u00e0 fait adapt\u00e9e pour les personnes qui subissent une forte pression ou souffrent de stress fr\u00e9quent. La p\u00e9n\u00e9tration de la chaleur dans le syst\u00e8me conjonctif stimule la circulation sanguine et&#8230;<\/p>\n<p class=\"read-more\"><a class=\"btn btn-default\" href=\"https:\/\/www.jago.fr\/petites-mains\/index.php\/le-massage-aux-pierres-chaudes\/\">Lire la suite<span class=\"screen-reader-text\"> Lire la suite<\/span><\/a><\/p>\n","protected":false},"author":1,"featured_media":0,"parent":0,"menu_order":0,"comment_status":"closed","ping_status":"closed","template":"","meta":{"footnotes":""},"class_list":["post-675","page","type-page","status-publish","hentry"],"_links":{"self":[{"href":"https:\/\/www.jago.fr\/petites-mains\/index.php\/wp-json\/wp\/v2\/pages\/675","targetHints":{"allow":["GET"]}}],"collection":[{"href":"https:\/\/www.jago.fr\/petites-mains\/index.php\/wp-json\/wp\/v2\/pages"}],"about":[{"href":"https:\/\/www.jago.fr\/petites-mains\/index.php\/wp-json\/wp\/v2\/types\/page"}],"author":[{"embeddable":true,"href":"https:\/\/www.jago.fr\/petites-mains\/index.php\/wp-json\/wp\/v2\/users\/1"}],"replies":[{"embeddable":true,"href":"https:\/\/www.jago.fr\/petites-mains\/index.php\/wp-json\/wp\/v2\/comments?post=675"}],"version-history":[{"count":5,"href":"https:\/\/www.jago.fr\/petites-mains\/index.php\/wp-json\/wp\/v2\/pages\/675\/revisions"}],"predecessor-version":[{"id":742,"href":"https:\/\/www.jago.fr\/petites-mains\/index.php\/wp-json\/wp\/v2\/pages\/675\/revisions\/742"}],"wp:attachment":[{"href":"https:\/\/www.jago.fr\/petites-mains\/index.php\/wp-json\/wp\/v2\/media?parent=675"}],"curies":[{"name":"wp","href":"https:\/\/api.w.org\/{rel}","templated":true}]}}